{"id":8176,"date":"2020-08-19T18:11:20","date_gmt":"2020-08-19T18:11:20","guid":{"rendered":"https:\/\/blog-staging.iclinic.com.br\/?page_id=8176"},"modified":"2021-02-23T14:02:35","modified_gmt":"2021-02-23T14:02:35","slug":"webinar-posicionamento-digital","status":"publish","type":"page","link":"https:\/\/iclinic.com.br\/blog\/webinar-posicionamento-digital\/","title":{"rendered":"[Webinar] A import\u00e2ncia da presen\u00e7a digital para m\u00e9dicos"},"content":{"rendered":"<p>A import\u00e2ncia da presen\u00e7a digital nos tempos atuais \u00e9 ineg\u00e1vel, mas ela tamb\u00e9m se aplica \u00e0 \u00e1rea m\u00e9dica? Se voc\u00ea, m\u00e9dico, ainda tem receio em marcar presen\u00e7a nas redes sociais, sites, entre outros, se inscreva neste webinar gratuito.<\/p>\n<p>Convidamos o Wanderson Santos, especialista em marketing digital e CEO da <a href=\"https:\/\/iclinic.com.br\/parceiros\/wtlab\/\">WTLAB<\/a>, para descomplicar o assunto e te ajudar a atrair ainda mais pacientes para o consult\u00f3rio.<\/p>\n<div class=\"embed-container\"><iframe width=\"560\" height=\"360\" src=\"https:\/\/www.youtube.com\/embed\/gfajfe_dUgI?utm_source=blog&#038;utm_medium=backlink&#038;utm_campaign=ALTERAR\" frameborder=\"0\" allow=\"autoplay; encrypted-media\" allowfullscreen><\/iframe><\/div>\n","protected":false},"excerpt":{"rendered":"<p>A import\u00e2ncia da presen\u00e7a digital nos tempos atuais \u00e9 ineg\u00e1vel, mas ela tamb\u00e9m se aplica \u00e0 \u00e1rea m\u00e9dica? Se voc\u00ea, m\u00e9dico, ainda tem receio em marcar presen\u00e7a nas redes sociais, sites, entre outros, se inscreva neste webinar gratuito. Convidamos o Wanderson Santos, especialista em marketing digital e CEO da WTLAB, para descomplicar o assunto e [&hellip;]<\/p>\n","protected":false},"author":23,"featured_media":0,"parent":0,"menu_order":0,"comment_status":"closed","ping_status":"closed","template":"","meta":{"footnotes":""},"class_list":["post-8176","page","type-page","status-publish","hentry"],"acf":[],"_links":{"self":[{"href":"https:\/\/iclinic.com.br\/blog\/wp-json\/wp\/v2\/pages\/8176","targetHints":{"allow":["GET"]}}],"collection":[{"href":"https:\/\/iclinic.com.br\/blog\/wp-json\/wp\/v2\/pages"}],"about":[{"href":"https:\/\/iclinic.com.br\/blog\/wp-json\/wp\/v2\/types\/page"}],"author":[{"embeddable":true,"href":"https:\/\/iclinic.com.br\/blog\/wp-json\/wp\/v2\/users\/23"}],"replies":[{"embeddable":true,"href":"https:\/\/iclinic.com.br\/blog\/wp-json\/wp\/v2\/comments?post=8176"}],"version-history":[{"count":0,"href":"https:\/\/iclinic.com.br\/blog\/wp-json\/wp\/v2\/pages\/8176\/revisions"}],"wp:attachment":[{"href":"https:\/\/iclinic.com.br\/blog\/wp-json\/wp\/v2\/media?parent=8176"}],"curies":[{"name":"wp","href":"https:\/\/api.w.org\/{rel}","templated":true}]}}