{"id":7487,"date":"2020-05-14T19:47:51","date_gmt":"2020-05-14T19:47:51","guid":{"rendered":"https:\/\/blog-staging.iclinic.com.br\/?page_id=7487"},"modified":"2025-09-13T12:15:42","modified_gmt":"2025-09-13T15:15:42","slug":"webinar-investimentos-na-area-da-saude","status":"publish","type":"page","link":"https:\/\/iclinic.com.br\/blog\/webinar-investimentos-na-area-da-saude\/","title":{"rendered":"Gest\u00e3o financeira: potencialize o rendimento da sua cl\u00ednica"},"content":{"rendered":"<p>A\u00a0gest\u00e3o financeira\u00a0de um consult\u00f3rio m\u00e9dico pode ser um grande desafio quando n\u00e3o se conhece as\u00a0melhores pr\u00e1ticas\u00a0de acompanhamento e otimiza\u00e7\u00f5es.<br \/>\nPensando nisso, a iClinic, em parceria com Renato Martin, apresentar\u00e1 um webinar gratuito, sobre como \u00e9 poss\u00edvel\u00a0gerenciar e investir seus rendimentos, potencializando a sa\u00fade financeira do m\u00e9dico.<\/p>\n<h2>Renato Martin<\/h2>\n<ul>\n<li>Renato Martin \u00e9 m\u00e9dico generalista e investidor no mercado financeiro h\u00e1 5 anos.<\/li>\n<\/ul>\n<p>&nbsp;<\/p>\n<div class=\"embed-container\"><iframe src=\"https:\/\/www.youtube.com\/embed\/51kuxg4V_SQ\" width=\"560\" height=\"315\" frameborder=\"0\" allowfullscreen=\"allowfullscreen\"><\/iframe><\/div>\n<div class=\"hide-mobile\"><iframe src=\"https:\/\/www.youtube.com\/live_chat?v=51kuxg4V_SQ&amp;embed_domain=lab.digitalestrategia.com\" width=\"480\" height=\"370\" frameborder=\"0\" allowfullscreen=\"allowfullscreen\"><\/iframe><\/div>\n<div class=\"hide-desktop\"><a href=\"https:\/\/www.youtube.com\/watch?v=51kuxg4V_SQ\" target=\"_blank\" class=\"x-btn button\" style=\"font-size: 14px; text-shadow: none; padding: 9px 24px; font-weight: 700; max-height: 50px; outline: none;\" rel=\"noopener noreferrer\">Participe da discuss\u00e3o<\/a><\/div>\n<div class=\"share-box\">\n<p>Compartilhe com seus amigos:<\/p>\n<div class=\"social-box\"><a href=\"https:\/\/api.whatsapp.com\/send?text=Vi%20esse%20Webinar%20da%20iClinic%20sobre%20investimentos%20na%20%C3%A1rea%20da%20sa%C3%BAde%20e%20acho%20que%20voc%C3%AA%20vai%20se%20interessar%20https%3A%2F%2Fbit.ly%2F2zCSKpg\" target=\"_blank\" rel=\"noopener noreferrer\"><img decoding=\"async\" src=\"data:image\/gif;base64,R0lGODlhAQABAIAAAAAAAP\/\/\/ywAAAAAAQABAAACAUwAOw==\" fifu-lazy=\"1\" fifu-data-sizes=\"auto\" fifu-data-srcset=\"https:\/\/i2.wp.com\/iclinic-mkt.s3.amazonaws.com\/landing-pages\/webinar-share-icons\/share-whatsapp.png?ssl=1&amp;w=75&amp;resize=75&amp;ssl=1 75w, https:\/\/i2.wp.com\/iclinic-mkt.s3.amazonaws.com\/landing-pages\/webinar-share-icons\/share-whatsapp.png?ssl=1&amp;w=100&amp;resize=100&amp;ssl=1 100w, https:\/\/i2.wp.com\/iclinic-mkt.s3.amazonaws.com\/landing-pages\/webinar-share-icons\/share-whatsapp.png?ssl=1&amp;w=150&amp;resize=150&amp;ssl=1 150w, https:\/\/i2.wp.com\/iclinic-mkt.s3.amazonaws.com\/landing-pages\/webinar-share-icons\/share-whatsapp.png?ssl=1&amp;w=240&amp;resize=240&amp;ssl=1 240w, https:\/\/i2.wp.com\/iclinic-mkt.s3.amazonaws.com\/landing-pages\/webinar-share-icons\/share-whatsapp.png?ssl=1&amp;w=320&amp;resize=320&amp;ssl=1 320w, https:\/\/i2.wp.com\/iclinic-mkt.s3.amazonaws.com\/landing-pages\/webinar-share-icons\/share-whatsapp.png?ssl=1&amp;w=500&amp;resize=500&amp;ssl=1 500w, https:\/\/i2.wp.com\/iclinic-mkt.s3.amazonaws.com\/landing-pages\/webinar-share-icons\/share-whatsapp.png?ssl=1&amp;w=640&amp;resize=640&amp;ssl=1 640w, https:\/\/i2.wp.com\/iclinic-mkt.s3.amazonaws.com\/landing-pages\/webinar-share-icons\/share-whatsapp.png?ssl=1&amp;w=800&amp;resize=800&amp;ssl=1 800w, https:\/\/i2.wp.com\/iclinic-mkt.s3.amazonaws.com\/landing-pages\/webinar-share-icons\/share-whatsapp.png?ssl=1&amp;w=1024&amp;resize=1024&amp;ssl=1 1024w, https:\/\/i2.wp.com\/iclinic-mkt.s3.amazonaws.com\/landing-pages\/webinar-share-icons\/share-whatsapp.png?ssl=1&amp;w=1280&amp;resize=1280&amp;ssl=1 1280w, https:\/\/i2.wp.com\/iclinic-mkt.s3.amazonaws.com\/landing-pages\/webinar-share-icons\/share-whatsapp.png?ssl=1&amp;w=1600&amp;resize=1600&amp;ssl=1 1600w\" fifu-data-src=\"https:\/\/i2.wp.com\/iclinic-mkt.s3.amazonaws.com\/landing-pages\/webinar-share-icons\/share-whatsapp.png?ssl=1\" alt=\"\" title=\"\"><\/a><br \/>\n<a href=\"https:\/\/www.facebook.com\/login\/?next=https%3A%2F%2Fwww.facebook.com%2Fshare_channel%2F%3Ftype%3Dreshare%26link%3Dhttps%253A%252F%252Fcontent.iclinic.com.br%252Fwebinar-investimentos-na-area-da-saude%26app_id%3D966242223397117%26source_surface%3Dexternal_reshare%26display%26hashtag\" target=\"_blank\" rel=\"noopener noreferrer\"><img decoding=\"async\" src=\"data:image\/gif;base64,R0lGODlhAQABAIAAAAAAAP\/\/\/ywAAAAAAQABAAACAUwAOw==\" fifu-lazy=\"1\" fifu-data-sizes=\"auto\" fifu-data-srcset=\"https:\/\/i2.wp.com\/iclinic-mkt.s3.amazonaws.com\/landing-pages\/webinar-share-icons\/share-facebook.png?ssl=1&amp;w=75&amp;resize=75&amp;ssl=1 75w, https:\/\/i2.wp.com\/iclinic-mkt.s3.amazonaws.com\/landing-pages\/webinar-share-icons\/share-facebook.png?ssl=1&amp;w=100&amp;resize=100&amp;ssl=1 100w, https:\/\/i2.wp.com\/iclinic-mkt.s3.amazonaws.com\/landing-pages\/webinar-share-icons\/share-facebook.png?ssl=1&amp;w=150&amp;resize=150&amp;ssl=1 150w, https:\/\/i2.wp.com\/iclinic-mkt.s3.amazonaws.com\/landing-pages\/webinar-share-icons\/share-facebook.png?ssl=1&amp;w=240&amp;resize=240&amp;ssl=1 240w, https:\/\/i2.wp.com\/iclinic-mkt.s3.amazonaws.com\/landing-pages\/webinar-share-icons\/share-facebook.png?ssl=1&amp;w=320&amp;resize=320&amp;ssl=1 320w, https:\/\/i2.wp.com\/iclinic-mkt.s3.amazonaws.com\/landing-pages\/webinar-share-icons\/share-facebook.png?ssl=1&amp;w=500&amp;resize=500&amp;ssl=1 500w, https:\/\/i2.wp.com\/iclinic-mkt.s3.amazonaws.com\/landing-pages\/webinar-share-icons\/share-facebook.png?ssl=1&amp;w=640&amp;resize=640&amp;ssl=1 640w, https:\/\/i2.wp.com\/iclinic-mkt.s3.amazonaws.com\/landing-pages\/webinar-share-icons\/share-facebook.png?ssl=1&amp;w=800&amp;resize=800&amp;ssl=1 800w, https:\/\/i2.wp.com\/iclinic-mkt.s3.amazonaws.com\/landing-pages\/webinar-share-icons\/share-facebook.png?ssl=1&amp;w=1024&amp;resize=1024&amp;ssl=1 1024w, https:\/\/i2.wp.com\/iclinic-mkt.s3.amazonaws.com\/landing-pages\/webinar-share-icons\/share-facebook.png?ssl=1&amp;w=1280&amp;resize=1280&amp;ssl=1 1280w, https:\/\/i2.wp.com\/iclinic-mkt.s3.amazonaws.com\/landing-pages\/webinar-share-icons\/share-facebook.png?ssl=1&amp;w=1600&amp;resize=1600&amp;ssl=1 1600w\" fifu-data-src=\"https:\/\/i2.wp.com\/iclinic-mkt.s3.amazonaws.com\/landing-pages\/webinar-share-icons\/share-facebook.png?ssl=1\" alt=\"\" title=\"\"><\/a><br \/>\n<a href=\"mailto:?subject=ASSUNTO&amp;body=Vi%20esse%20Webinar%20da%20iClinic%20sobre%20investimentos%20na%20%C3%A1rea%20da%20sa%C3%BAde%20e%20acho%20que%20voc%C3%AA%20vai%20se%20interessar%20https%3A%2F%2Fbit.ly%2F2zCSKpg\" target=\"_blank\" rel=\"noopener noreferrer\"><img decoding=\"async\" src=\"data:image\/gif;base64,R0lGODlhAQABAIAAAAAAAP\/\/\/ywAAAAAAQABAAACAUwAOw==\" fifu-lazy=\"1\" fifu-data-sizes=\"auto\" fifu-data-srcset=\"https:\/\/i2.wp.com\/iclinic-mkt.s3.amazonaws.com\/landing-pages\/webinar-share-icons\/share-email.png?ssl=1&amp;w=75&amp;resize=75&amp;ssl=1 75w, https:\/\/i2.wp.com\/iclinic-mkt.s3.amazonaws.com\/landing-pages\/webinar-share-icons\/share-email.png?ssl=1&amp;w=100&amp;resize=100&amp;ssl=1 100w, https:\/\/i2.wp.com\/iclinic-mkt.s3.amazonaws.com\/landing-pages\/webinar-share-icons\/share-email.png?ssl=1&amp;w=150&amp;resize=150&amp;ssl=1 150w, https:\/\/i2.wp.com\/iclinic-mkt.s3.amazonaws.com\/landing-pages\/webinar-share-icons\/share-email.png?ssl=1&amp;w=240&amp;resize=240&amp;ssl=1 240w, https:\/\/i2.wp.com\/iclinic-mkt.s3.amazonaws.com\/landing-pages\/webinar-share-icons\/share-email.png?ssl=1&amp;w=320&amp;resize=320&amp;ssl=1 320w, https:\/\/i2.wp.com\/iclinic-mkt.s3.amazonaws.com\/landing-pages\/webinar-share-icons\/share-email.png?ssl=1&amp;w=500&amp;resize=500&amp;ssl=1 500w, https:\/\/i2.wp.com\/iclinic-mkt.s3.amazonaws.com\/landing-pages\/webinar-share-icons\/share-email.png?ssl=1&amp;w=640&amp;resize=640&amp;ssl=1 640w, https:\/\/i2.wp.com\/iclinic-mkt.s3.amazonaws.com\/landing-pages\/webinar-share-icons\/share-email.png?ssl=1&amp;w=800&amp;resize=800&amp;ssl=1 800w, https:\/\/i2.wp.com\/iclinic-mkt.s3.amazonaws.com\/landing-pages\/webinar-share-icons\/share-email.png?ssl=1&amp;w=1024&amp;resize=1024&amp;ssl=1 1024w, https:\/\/i2.wp.com\/iclinic-mkt.s3.amazonaws.com\/landing-pages\/webinar-share-icons\/share-email.png?ssl=1&amp;w=1280&amp;resize=1280&amp;ssl=1 1280w, https:\/\/i2.wp.com\/iclinic-mkt.s3.amazonaws.com\/landing-pages\/webinar-share-icons\/share-email.png?ssl=1&amp;w=1600&amp;resize=1600&amp;ssl=1 1600w\" fifu-data-src=\"https:\/\/i2.wp.com\/iclinic-mkt.s3.amazonaws.com\/landing-pages\/webinar-share-icons\/share-email.png?ssl=1\" alt=\"\" title=\"\"><\/a><\/div>\n<\/div>\n<style>\n@media (min-width: 960px){  .hide-desktop{  display: none !important; }  .hide-mobile{   display: block !important;  }}.hide-desktop{ display: block; text-align: center; margin-top: 40px;}.hide-mobile{ display: none;}.share-box{  text-align: center;  margin-top: 40px;}.share-box p{  font-size: 14px;  color: #999999;  margin-bottom: 5px;}.social-box{  display: flex;  align-items: center;  justify-content: center;}.social-box img{  width: 40px;  height: 40px;  margin: 10px;}<\/style>\n","protected":false},"excerpt":{"rendered":"<p>A\u00a0gest\u00e3o financeira\u00a0de um consult\u00f3rio m\u00e9dico pode ser um grande desafio quando n\u00e3o se conhece as\u00a0melhores pr\u00e1ticas\u00a0de acompanhamento e otimiza\u00e7\u00f5es. Pensando nisso, a iClinic, em parceria com Renato Martin, apresentar\u00e1 um webinar gratuito, sobre como \u00e9 poss\u00edvel\u00a0gerenciar e investir seus rendimentos, potencializando a sa\u00fade financeira do m\u00e9dico. Renato Martin Renato Martin \u00e9 m\u00e9dico generalista e investidor [&hellip;]<\/p>\n","protected":false},"author":23,"featured_media":0,"parent":0,"menu_order":0,"comment_status":"closed","ping_status":"closed","template":"","meta":{"footnotes":""},"class_list":["post-7487","page","type-page","status-publish","hentry"],"acf":[],"_links":{"self":[{"href":"https:\/\/iclinic.com.br\/blog\/wp-json\/wp\/v2\/pages\/7487","targetHints":{"allow":["GET"]}}],"collection":[{"href":"https:\/\/iclinic.com.br\/blog\/wp-json\/wp\/v2\/pages"}],"about":[{"href":"https:\/\/iclinic.com.br\/blog\/wp-json\/wp\/v2\/types\/page"}],"author":[{"embeddable":true,"href":"https:\/\/iclinic.com.br\/blog\/wp-json\/wp\/v2\/users\/23"}],"replies":[{"embeddable":true,"href":"https:\/\/iclinic.com.br\/blog\/wp-json\/wp\/v2\/comments?post=7487"}],"version-history":[{"count":1,"href":"https:\/\/iclinic.com.br\/blog\/wp-json\/wp\/v2\/pages\/7487\/revisions"}],"predecessor-version":[{"id":30575,"href":"https:\/\/iclinic.com.br\/blog\/wp-json\/wp\/v2\/pages\/7487\/revisions\/30575"}],"wp:attachment":[{"href":"https:\/\/iclinic.com.br\/blog\/wp-json\/wp\/v2\/media?parent=7487"}],"curies":[{"name":"wp","href":"https:\/\/api.w.org\/{rel}","templated":true}]}}