{"id":6935,"date":"2020-02-27T18:34:46","date_gmt":"2020-02-27T18:34:46","guid":{"rendered":"https:\/\/blog-staging.iclinic.com.br\/?page_id=6935"},"modified":"2025-09-13T12:14:50","modified_gmt":"2025-09-13T15:14:50","slug":"webinar-gestao-de-clinicas-para-secretarias","status":"publish","type":"page","link":"https:\/\/iclinic.com.br\/blog\/webinar-gestao-de-clinicas-para-secretarias\/","title":{"rendered":"Webinar &#8211; Gest\u00e3o de Cl\u00ednicas Para Secret\u00e1rias"},"content":{"rendered":"<p>Secret\u00e1rias e recepcionistas da sa\u00fade lidam com desafios cada vez maiores de gest\u00e3o, tempo e contabilidade. Neste webinar veremos como esses desafios podem ser transformados em oportunidades, contribuindo para o crescimento profissional e maior sucesso dessas profissionais.<\/p>\n<h2>Rodrigo Noronha<\/h2>\n<ul>\n<li>Especialista em Gest\u00e3o de Neg\u00f3cios pela Funda\u00e7\u00e3o Get\u00falio Vargas (FGV)<\/li>\n<li>Palestrante e mentor em Gest\u00e3o Empresarial desde 2012<\/li>\n<li>Criador do M\u00e9todo GIC (Gest\u00e3o Inovadora de Cl\u00ednicas)<\/li>\n<\/ul>\n<p>&nbsp;<\/p>\n<div class=\"embed-container\"><iframe src=\"https:\/\/www.youtube.com\/embed\/NpeQphqbz9M\" width=\"560\" height=\"315\" frameborder=\"0\" allowfullscreen=\"allowfullscreen\"><\/iframe><\/div>\n<div class=\"hide-mobile\"><iframe src=\"https:\/\/www.youtube.com\/live_chat?v=NpeQphqbz9M&amp;embed_domain=lab.digitalestrategia.com\" width=\"480\" height=\"370\" frameborder=\"0\" allowfullscreen=\"allowfullscreen\"><\/iframe><\/div>\n<div class=\"hide-desktop\"><a class=\"x-btn button\" style=\"font-size: 14px; text-shadow: none; padding: 9px 24px; font-weight: bold; max-height: 50px; outline: none;\" href=\"https:\/\/www.youtube.com\/watch?v=NpeQphqbz9M\" target=\"_blank\" rel=\"noopener noreferrer\">Participe da discuss\u00e3o<\/a><\/div>\n<div class=\"share-box\">\n<p>Compartilhe com seus amigos:<\/p>\n<div class=\"social-box\"><a href=\"https:\/\/api.whatsapp.com\/send?text=Vi%20esse%20Webinar%20da%20iClinic%20sobre%20Gest%C3%A3o%20de%20Cl%C3%ADnicas%20Para%20Secret%C3%A1rias%20e%20acho%20que%20voc%C3%AA%20vai%20se%20interessar%20https%3A%2F%2Fcontent.iclinic.com.br%2Fwebinar-gestao-de-clinicas-para-secretarias\" target=\"_blank\" rel=\"noopener noreferrer\"><img decoding=\"async\" src=\"data:image\/gif;base64,R0lGODlhAQABAIAAAAAAAP\/\/\/ywAAAAAAQABAAACAUwAOw==\" fifu-lazy=\"1\" fifu-data-sizes=\"auto\" fifu-data-srcset=\"https:\/\/i2.wp.com\/iclinic-mkt.s3.amazonaws.com\/landing-pages\/webinar-share-icons\/share-whatsapp.png?ssl=1&amp;w=75&amp;resize=75&amp;ssl=1 75w, https:\/\/i2.wp.com\/iclinic-mkt.s3.amazonaws.com\/landing-pages\/webinar-share-icons\/share-whatsapp.png?ssl=1&amp;w=100&amp;resize=100&amp;ssl=1 100w, https:\/\/i2.wp.com\/iclinic-mkt.s3.amazonaws.com\/landing-pages\/webinar-share-icons\/share-whatsapp.png?ssl=1&amp;w=150&amp;resize=150&amp;ssl=1 150w, https:\/\/i2.wp.com\/iclinic-mkt.s3.amazonaws.com\/landing-pages\/webinar-share-icons\/share-whatsapp.png?ssl=1&amp;w=240&amp;resize=240&amp;ssl=1 240w, https:\/\/i2.wp.com\/iclinic-mkt.s3.amazonaws.com\/landing-pages\/webinar-share-icons\/share-whatsapp.png?ssl=1&amp;w=320&amp;resize=320&amp;ssl=1 320w, https:\/\/i2.wp.com\/iclinic-mkt.s3.amazonaws.com\/landing-pages\/webinar-share-icons\/share-whatsapp.png?ssl=1&amp;w=500&amp;resize=500&amp;ssl=1 500w, https:\/\/i2.wp.com\/iclinic-mkt.s3.amazonaws.com\/landing-pages\/webinar-share-icons\/share-whatsapp.png?ssl=1&amp;w=640&amp;resize=640&amp;ssl=1 640w, https:\/\/i2.wp.com\/iclinic-mkt.s3.amazonaws.com\/landing-pages\/webinar-share-icons\/share-whatsapp.png?ssl=1&amp;w=800&amp;resize=800&amp;ssl=1 800w, https:\/\/i2.wp.com\/iclinic-mkt.s3.amazonaws.com\/landing-pages\/webinar-share-icons\/share-whatsapp.png?ssl=1&amp;w=1024&amp;resize=1024&amp;ssl=1 1024w, https:\/\/i2.wp.com\/iclinic-mkt.s3.amazonaws.com\/landing-pages\/webinar-share-icons\/share-whatsapp.png?ssl=1&amp;w=1280&amp;resize=1280&amp;ssl=1 1280w, https:\/\/i2.wp.com\/iclinic-mkt.s3.amazonaws.com\/landing-pages\/webinar-share-icons\/share-whatsapp.png?ssl=1&amp;w=1600&amp;resize=1600&amp;ssl=1 1600w\" fifu-data-src=\"https:\/\/i2.wp.com\/iclinic-mkt.s3.amazonaws.com\/landing-pages\/webinar-share-icons\/share-whatsapp.png?ssl=1\" alt=\"\" title=\"\"><\/a><br \/>\n<a href=\"https:\/\/www.facebook.com\/login\/?next=https%3A%2F%2Fwww.facebook.com%2Fshare_channel%2F%3Ftype%3Dreshare%26link%3Dhttps%253A%252F%252Fcontent.iclinic.com.br%252Fwebinar-gestao-de-clinicas-para-secretarias%26app_id%3D966242223397117%26source_surface%3Dexternal_reshare%26display%26hashtag\" target=\"_blank\" rel=\"noopener noreferrer\"><img decoding=\"async\" src=\"data:image\/gif;base64,R0lGODlhAQABAIAAAAAAAP\/\/\/ywAAAAAAQABAAACAUwAOw==\" fifu-lazy=\"1\" fifu-data-sizes=\"auto\" fifu-data-srcset=\"https:\/\/i2.wp.com\/iclinic-mkt.s3.amazonaws.com\/landing-pages\/webinar-share-icons\/share-facebook.png?ssl=1&amp;w=75&amp;resize=75&amp;ssl=1 75w, https:\/\/i2.wp.com\/iclinic-mkt.s3.amazonaws.com\/landing-pages\/webinar-share-icons\/share-facebook.png?ssl=1&amp;w=100&amp;resize=100&amp;ssl=1 100w, https:\/\/i2.wp.com\/iclinic-mkt.s3.amazonaws.com\/landing-pages\/webinar-share-icons\/share-facebook.png?ssl=1&amp;w=150&amp;resize=150&amp;ssl=1 150w, https:\/\/i2.wp.com\/iclinic-mkt.s3.amazonaws.com\/landing-pages\/webinar-share-icons\/share-facebook.png?ssl=1&amp;w=240&amp;resize=240&amp;ssl=1 240w, https:\/\/i2.wp.com\/iclinic-mkt.s3.amazonaws.com\/landing-pages\/webinar-share-icons\/share-facebook.png?ssl=1&amp;w=320&amp;resize=320&amp;ssl=1 320w, https:\/\/i2.wp.com\/iclinic-mkt.s3.amazonaws.com\/landing-pages\/webinar-share-icons\/share-facebook.png?ssl=1&amp;w=500&amp;resize=500&amp;ssl=1 500w, https:\/\/i2.wp.com\/iclinic-mkt.s3.amazonaws.com\/landing-pages\/webinar-share-icons\/share-facebook.png?ssl=1&amp;w=640&amp;resize=640&amp;ssl=1 640w, https:\/\/i2.wp.com\/iclinic-mkt.s3.amazonaws.com\/landing-pages\/webinar-share-icons\/share-facebook.png?ssl=1&amp;w=800&amp;resize=800&amp;ssl=1 800w, https:\/\/i2.wp.com\/iclinic-mkt.s3.amazonaws.com\/landing-pages\/webinar-share-icons\/share-facebook.png?ssl=1&amp;w=1024&amp;resize=1024&amp;ssl=1 1024w, https:\/\/i2.wp.com\/iclinic-mkt.s3.amazonaws.com\/landing-pages\/webinar-share-icons\/share-facebook.png?ssl=1&amp;w=1280&amp;resize=1280&amp;ssl=1 1280w, https:\/\/i2.wp.com\/iclinic-mkt.s3.amazonaws.com\/landing-pages\/webinar-share-icons\/share-facebook.png?ssl=1&amp;w=1600&amp;resize=1600&amp;ssl=1 1600w\" fifu-data-src=\"https:\/\/i2.wp.com\/iclinic-mkt.s3.amazonaws.com\/landing-pages\/webinar-share-icons\/share-facebook.png?ssl=1\" alt=\"\" title=\"\"><\/a><br \/>\n<a href=\"mailto:?subject=Acho%20que%20voc%C3%AA%20vai%20gostar%20desse%20webinar%20da%20iClinic&amp;body=Vi%20esse%20Webinar%20da%20iClinic%20sobre%20Gest%C3%A3o%20de%20Cl%C3%ADnicas%20Para%20Secret%C3%A1rias%20e%20acho%20que%20voc%C3%AA%20vai%20se%20interessar%20https%3A%2F%2Fcontent.iclinic.com.br%2Fwebinar-gestao-de-clinicas-para-secretarias\" target=\"_blank\" rel=\"noopener noreferrer\"><img decoding=\"async\" src=\"data:image\/gif;base64,R0lGODlhAQABAIAAAAAAAP\/\/\/ywAAAAAAQABAAACAUwAOw==\" fifu-lazy=\"1\" fifu-data-sizes=\"auto\" fifu-data-srcset=\"https:\/\/i2.wp.com\/iclinic-mkt.s3.amazonaws.com\/landing-pages\/webinar-share-icons\/share-email.png?ssl=1&amp;w=75&amp;resize=75&amp;ssl=1 75w, https:\/\/i2.wp.com\/iclinic-mkt.s3.amazonaws.com\/landing-pages\/webinar-share-icons\/share-email.png?ssl=1&amp;w=100&amp;resize=100&amp;ssl=1 100w, https:\/\/i2.wp.com\/iclinic-mkt.s3.amazonaws.com\/landing-pages\/webinar-share-icons\/share-email.png?ssl=1&amp;w=150&amp;resize=150&amp;ssl=1 150w, https:\/\/i2.wp.com\/iclinic-mkt.s3.amazonaws.com\/landing-pages\/webinar-share-icons\/share-email.png?ssl=1&amp;w=240&amp;resize=240&amp;ssl=1 240w, https:\/\/i2.wp.com\/iclinic-mkt.s3.amazonaws.com\/landing-pages\/webinar-share-icons\/share-email.png?ssl=1&amp;w=320&amp;resize=320&amp;ssl=1 320w, https:\/\/i2.wp.com\/iclinic-mkt.s3.amazonaws.com\/landing-pages\/webinar-share-icons\/share-email.png?ssl=1&amp;w=500&amp;resize=500&amp;ssl=1 500w, https:\/\/i2.wp.com\/iclinic-mkt.s3.amazonaws.com\/landing-pages\/webinar-share-icons\/share-email.png?ssl=1&amp;w=640&amp;resize=640&amp;ssl=1 640w, https:\/\/i2.wp.com\/iclinic-mkt.s3.amazonaws.com\/landing-pages\/webinar-share-icons\/share-email.png?ssl=1&amp;w=800&amp;resize=800&amp;ssl=1 800w, https:\/\/i2.wp.com\/iclinic-mkt.s3.amazonaws.com\/landing-pages\/webinar-share-icons\/share-email.png?ssl=1&amp;w=1024&amp;resize=1024&amp;ssl=1 1024w, https:\/\/i2.wp.com\/iclinic-mkt.s3.amazonaws.com\/landing-pages\/webinar-share-icons\/share-email.png?ssl=1&amp;w=1280&amp;resize=1280&amp;ssl=1 1280w, https:\/\/i2.wp.com\/iclinic-mkt.s3.amazonaws.com\/landing-pages\/webinar-share-icons\/share-email.png?ssl=1&amp;w=1600&amp;resize=1600&amp;ssl=1 1600w\" fifu-data-src=\"https:\/\/i2.wp.com\/iclinic-mkt.s3.amazonaws.com\/landing-pages\/webinar-share-icons\/share-email.png?ssl=1\" alt=\"\" title=\"\"><\/a><\/div>\n<\/div>\n<style>\n@media (min-width: 960px){  .hide-desktop{  display: none !important; }  .hide-mobile{   display: block !important;  }}.hide-desktop{ display: block; text-align: center; margin-top: 40px;}.hide-mobile{ display: none;}.share-box{  text-align: center;  margin-top: 40px;}.share-box p{  font-size: 14px;  color: #999999;  margin-bottom: 5px;}.social-box{  display: flex;  align-items: center;  justify-content: center;}.social-box img{  width: 40px;  height: 40px;  margin: 10px;}<\/style>\n","protected":false},"excerpt":{"rendered":"<p>Secret\u00e1rias e recepcionistas da sa\u00fade lidam com desafios cada vez maiores de gest\u00e3o, tempo e contabilidade. Neste webinar veremos como esses desafios podem ser transformados em oportunidades, contribuindo para o crescimento profissional e maior sucesso dessas profissionais. Rodrigo Noronha Especialista em Gest\u00e3o de Neg\u00f3cios pela Funda\u00e7\u00e3o Get\u00falio Vargas (FGV) Palestrante e mentor em Gest\u00e3o Empresarial [&hellip;]<\/p>\n","protected":false},"author":23,"featured_media":0,"parent":0,"menu_order":0,"comment_status":"closed","ping_status":"closed","template":"","meta":{"footnotes":""},"class_list":["post-6935","page","type-page","status-publish","hentry"],"acf":[],"_links":{"self":[{"href":"https:\/\/iclinic.com.br\/blog\/wp-json\/wp\/v2\/pages\/6935","targetHints":{"allow":["GET"]}}],"collection":[{"href":"https:\/\/iclinic.com.br\/blog\/wp-json\/wp\/v2\/pages"}],"about":[{"href":"https:\/\/iclinic.com.br\/blog\/wp-json\/wp\/v2\/types\/page"}],"author":[{"embeddable":true,"href":"https:\/\/iclinic.com.br\/blog\/wp-json\/wp\/v2\/users\/23"}],"replies":[{"embeddable":true,"href":"https:\/\/iclinic.com.br\/blog\/wp-json\/wp\/v2\/comments?post=6935"}],"version-history":[{"count":1,"href":"https:\/\/iclinic.com.br\/blog\/wp-json\/wp\/v2\/pages\/6935\/revisions"}],"predecessor-version":[{"id":30423,"href":"https:\/\/iclinic.com.br\/blog\/wp-json\/wp\/v2\/pages\/6935\/revisions\/30423"}],"wp:attachment":[{"href":"https:\/\/iclinic.com.br\/blog\/wp-json\/wp\/v2\/media?parent=6935"}],"curies":[{"name":"wp","href":"https:\/\/api.w.org\/{rel}","templated":true}]}}