{"id":6653,"date":"2020-01-27T17:54:55","date_gmt":"2020-01-27T17:54:55","guid":{"rendered":"https:\/\/blog-staging.iclinic.com.br\/?page_id=6653"},"modified":"2025-09-13T12:14:18","modified_gmt":"2025-09-13T15:14:18","slug":"webinar-descomplicando-a-contabilidade-para-medicos","status":"publish","type":"page","link":"https:\/\/iclinic.com.br\/blog\/webinar-descomplicando-a-contabilidade-para-medicos\/","title":{"rendered":"Webinar &#8211; Descomplicando a contabilidade para m\u00e9dicos"},"content":{"rendered":"<p>A iClinic, em parceria com a XVI Finance, apresenta um webinar gratuito sobre contabilidade para m\u00e9dicos que precisam organizar a gest\u00e3o financeira de seu consult\u00f3rio com nosso especialista convidado:<\/p>\n<h2>Prof. Ms. Ulisses R. Silva<\/h2>\n<ul>\n<li>S\u00f3cio-fundador da XVI Finance Consultoria Empresarial<\/li>\n<li>Especialista em Finan\u00e7as de Operadoras de Sa\u00fade pela USP<\/li>\n<li>Professor para os MBAs FAAP e Faculdade Herm\u00ednio Ometto<\/li>\n<\/ul>\n<p>&nbsp;<\/p>\n<div class=\"embed-container\"><iframe src=\"https:\/\/www.youtube.com\/embed\/RbcoJmVxuXU\" width=\"560\" height=\"315\" frameborder=\"0\" allowfullscreen=\"allowfullscreen\"><\/iframe><\/div>\n<div class=\"share-box\">\n<p>Compartilhe com seus amigos:<\/p>\n<div class=\"social-box\"><a href=\"https:\/\/api.whatsapp.com\/send?text=Vi%20esse%20Webinar%20da%20iClinic%20sobre%20descomplicar%20a%20contabilidade%20para%20m%C3%A9dicos%20e%20acho%20que%20voc%C3%AA%20vai%20se%20interessar%3A%20https%3A%2F%2Fcontent.iclinic.com.br%2Fwebinar-descomplicando-contabilidade-para-medicos\" target=\"_blank\" rel=\"noopener noreferrer\"><img decoding=\"async\" src=\"data:image\/gif;base64,R0lGODlhAQABAIAAAAAAAP\/\/\/ywAAAAAAQABAAACAUwAOw==\" fifu-lazy=\"1\" fifu-data-sizes=\"auto\" fifu-data-srcset=\"https:\/\/i2.wp.com\/iclinic-mkt.s3.amazonaws.com\/landing-pages\/webinar-share-icons\/share-whatsapp.png?ssl=1&amp;w=75&amp;resize=75&amp;ssl=1 75w, https:\/\/i2.wp.com\/iclinic-mkt.s3.amazonaws.com\/landing-pages\/webinar-share-icons\/share-whatsapp.png?ssl=1&amp;w=100&amp;resize=100&amp;ssl=1 100w, https:\/\/i2.wp.com\/iclinic-mkt.s3.amazonaws.com\/landing-pages\/webinar-share-icons\/share-whatsapp.png?ssl=1&amp;w=150&amp;resize=150&amp;ssl=1 150w, https:\/\/i2.wp.com\/iclinic-mkt.s3.amazonaws.com\/landing-pages\/webinar-share-icons\/share-whatsapp.png?ssl=1&amp;w=240&amp;resize=240&amp;ssl=1 240w, https:\/\/i2.wp.com\/iclinic-mkt.s3.amazonaws.com\/landing-pages\/webinar-share-icons\/share-whatsapp.png?ssl=1&amp;w=320&amp;resize=320&amp;ssl=1 320w, https:\/\/i2.wp.com\/iclinic-mkt.s3.amazonaws.com\/landing-pages\/webinar-share-icons\/share-whatsapp.png?ssl=1&amp;w=500&amp;resize=500&amp;ssl=1 500w, https:\/\/i2.wp.com\/iclinic-mkt.s3.amazonaws.com\/landing-pages\/webinar-share-icons\/share-whatsapp.png?ssl=1&amp;w=640&amp;resize=640&amp;ssl=1 640w, https:\/\/i2.wp.com\/iclinic-mkt.s3.amazonaws.com\/landing-pages\/webinar-share-icons\/share-whatsapp.png?ssl=1&amp;w=800&amp;resize=800&amp;ssl=1 800w, https:\/\/i2.wp.com\/iclinic-mkt.s3.amazonaws.com\/landing-pages\/webinar-share-icons\/share-whatsapp.png?ssl=1&amp;w=1024&amp;resize=1024&amp;ssl=1 1024w, https:\/\/i2.wp.com\/iclinic-mkt.s3.amazonaws.com\/landing-pages\/webinar-share-icons\/share-whatsapp.png?ssl=1&amp;w=1280&amp;resize=1280&amp;ssl=1 1280w, https:\/\/i2.wp.com\/iclinic-mkt.s3.amazonaws.com\/landing-pages\/webinar-share-icons\/share-whatsapp.png?ssl=1&amp;w=1600&amp;resize=1600&amp;ssl=1 1600w\" fifu-data-src=\"https:\/\/i2.wp.com\/iclinic-mkt.s3.amazonaws.com\/landing-pages\/webinar-share-icons\/share-whatsapp.png?ssl=1\" alt=\"\" title=\"\"><\/a><br \/>\n<a href=\"https:\/\/www.facebook.com\/login\/?next=https%3A%2F%2Fwww.facebook.com%2Fshare_channel%2F%3Ftype%3Dreshare%26link%3Dhttps%253A%252F%252Fcontent.iclinic.com.br%252Fwebinar-descomplicando-contabilidade-para-medicos%26app_id%3D966242223397117%26source_surface%3Dexternal_reshare%26display%26hashtag\" target=\"_blank\" rel=\"noopener noreferrer\"><img decoding=\"async\" src=\"data:image\/gif;base64,R0lGODlhAQABAIAAAAAAAP\/\/\/ywAAAAAAQABAAACAUwAOw==\" fifu-lazy=\"1\" fifu-data-sizes=\"auto\" fifu-data-srcset=\"https:\/\/i2.wp.com\/iclinic-mkt.s3.amazonaws.com\/landing-pages\/webinar-share-icons\/share-facebook.png?ssl=1&amp;w=75&amp;resize=75&amp;ssl=1 75w, https:\/\/i2.wp.com\/iclinic-mkt.s3.amazonaws.com\/landing-pages\/webinar-share-icons\/share-facebook.png?ssl=1&amp;w=100&amp;resize=100&amp;ssl=1 100w, https:\/\/i2.wp.com\/iclinic-mkt.s3.amazonaws.com\/landing-pages\/webinar-share-icons\/share-facebook.png?ssl=1&amp;w=150&amp;resize=150&amp;ssl=1 150w, https:\/\/i2.wp.com\/iclinic-mkt.s3.amazonaws.com\/landing-pages\/webinar-share-icons\/share-facebook.png?ssl=1&amp;w=240&amp;resize=240&amp;ssl=1 240w, https:\/\/i2.wp.com\/iclinic-mkt.s3.amazonaws.com\/landing-pages\/webinar-share-icons\/share-facebook.png?ssl=1&amp;w=320&amp;resize=320&amp;ssl=1 320w, https:\/\/i2.wp.com\/iclinic-mkt.s3.amazonaws.com\/landing-pages\/webinar-share-icons\/share-facebook.png?ssl=1&amp;w=500&amp;resize=500&amp;ssl=1 500w, https:\/\/i2.wp.com\/iclinic-mkt.s3.amazonaws.com\/landing-pages\/webinar-share-icons\/share-facebook.png?ssl=1&amp;w=640&amp;resize=640&amp;ssl=1 640w, https:\/\/i2.wp.com\/iclinic-mkt.s3.amazonaws.com\/landing-pages\/webinar-share-icons\/share-facebook.png?ssl=1&amp;w=800&amp;resize=800&amp;ssl=1 800w, https:\/\/i2.wp.com\/iclinic-mkt.s3.amazonaws.com\/landing-pages\/webinar-share-icons\/share-facebook.png?ssl=1&amp;w=1024&amp;resize=1024&amp;ssl=1 1024w, https:\/\/i2.wp.com\/iclinic-mkt.s3.amazonaws.com\/landing-pages\/webinar-share-icons\/share-facebook.png?ssl=1&amp;w=1280&amp;resize=1280&amp;ssl=1 1280w, https:\/\/i2.wp.com\/iclinic-mkt.s3.amazonaws.com\/landing-pages\/webinar-share-icons\/share-facebook.png?ssl=1&amp;w=1600&amp;resize=1600&amp;ssl=1 1600w\" fifu-data-src=\"https:\/\/i2.wp.com\/iclinic-mkt.s3.amazonaws.com\/landing-pages\/webinar-share-icons\/share-facebook.png?ssl=1\" alt=\"\" title=\"\"><\/a><br \/>\n<a href=\"mailto:?subject=Acho%20que%20voc%C3%AA%20vai%20gostar%20desse%20Webinar%20da%20iClinic&amp;body=Vi%20esse%20Webinar%20da%20iClinic%20sobre%20descomplicar%20a%20contabilidade%20para%20m%C3%A9dicos%20e%20acho%20que%20voc%C3%AA%20vai%20se%20interessar%3A%20https%3A%2F%2Fcontent.iclinic.com.br%2Fwebinar-descomplicando-contabilidade-para-medicos\" target=\"_blank\" rel=\"noopener noreferrer\"><img decoding=\"async\" src=\"data:image\/gif;base64,R0lGODlhAQABAIAAAAAAAP\/\/\/ywAAAAAAQABAAACAUwAOw==\" fifu-lazy=\"1\" fifu-data-sizes=\"auto\" fifu-data-srcset=\"https:\/\/i2.wp.com\/iclinic-mkt.s3.amazonaws.com\/landing-pages\/webinar-share-icons\/share-email.png?ssl=1&amp;w=75&amp;resize=75&amp;ssl=1 75w, https:\/\/i2.wp.com\/iclinic-mkt.s3.amazonaws.com\/landing-pages\/webinar-share-icons\/share-email.png?ssl=1&amp;w=100&amp;resize=100&amp;ssl=1 100w, https:\/\/i2.wp.com\/iclinic-mkt.s3.amazonaws.com\/landing-pages\/webinar-share-icons\/share-email.png?ssl=1&amp;w=150&amp;resize=150&amp;ssl=1 150w, https:\/\/i2.wp.com\/iclinic-mkt.s3.amazonaws.com\/landing-pages\/webinar-share-icons\/share-email.png?ssl=1&amp;w=240&amp;resize=240&amp;ssl=1 240w, https:\/\/i2.wp.com\/iclinic-mkt.s3.amazonaws.com\/landing-pages\/webinar-share-icons\/share-email.png?ssl=1&amp;w=320&amp;resize=320&amp;ssl=1 320w, https:\/\/i2.wp.com\/iclinic-mkt.s3.amazonaws.com\/landing-pages\/webinar-share-icons\/share-email.png?ssl=1&amp;w=500&amp;resize=500&amp;ssl=1 500w, https:\/\/i2.wp.com\/iclinic-mkt.s3.amazonaws.com\/landing-pages\/webinar-share-icons\/share-email.png?ssl=1&amp;w=640&amp;resize=640&amp;ssl=1 640w, https:\/\/i2.wp.com\/iclinic-mkt.s3.amazonaws.com\/landing-pages\/webinar-share-icons\/share-email.png?ssl=1&amp;w=800&amp;resize=800&amp;ssl=1 800w, https:\/\/i2.wp.com\/iclinic-mkt.s3.amazonaws.com\/landing-pages\/webinar-share-icons\/share-email.png?ssl=1&amp;w=1024&amp;resize=1024&amp;ssl=1 1024w, https:\/\/i2.wp.com\/iclinic-mkt.s3.amazonaws.com\/landing-pages\/webinar-share-icons\/share-email.png?ssl=1&amp;w=1280&amp;resize=1280&amp;ssl=1 1280w, https:\/\/i2.wp.com\/iclinic-mkt.s3.amazonaws.com\/landing-pages\/webinar-share-icons\/share-email.png?ssl=1&amp;w=1600&amp;resize=1600&amp;ssl=1 1600w\" fifu-data-src=\"https:\/\/i2.wp.com\/iclinic-mkt.s3.amazonaws.com\/landing-pages\/webinar-share-icons\/share-email.png?ssl=1\" alt=\"\" title=\"\"><\/a><\/div>\n<\/div>\n<style>\n@media (min-width: 960px){  .hide-desktop{  display: none !important; }  .hide-mobile{   display: block !important;  }}.hide-desktop{ display: block; text-align: center; margin-top: 40px;}.hide-mobile{ display: none;}.share-box{  text-align: center;  margin-top: 40px;}.share-box p{  font-size: 14px;  color: #999999;  margin-bottom: 5px;}.social-box{  display: flex;  align-items: center;  justify-content: center;}.social-box img{  width: 40px;  height: 40px;  margin: 10px;}<\/style>\n","protected":false},"excerpt":{"rendered":"<p>A iClinic, em parceria com a XVI Finance, apresenta um webinar gratuito sobre contabilidade para m\u00e9dicos que precisam organizar a gest\u00e3o financeira de seu consult\u00f3rio com nosso especialista convidado: Prof. Ms. Ulisses R. Silva S\u00f3cio-fundador da XVI Finance Consultoria Empresarial Especialista em Finan\u00e7as de Operadoras de Sa\u00fade pela USP Professor para os MBAs FAAP e [&hellip;]<\/p>\n","protected":false},"author":33,"featured_media":0,"parent":0,"menu_order":0,"comment_status":"closed","ping_status":"closed","template":"","meta":{"footnotes":""},"class_list":["post-6653","page","type-page","status-publish","hentry"],"acf":[],"_links":{"self":[{"href":"https:\/\/iclinic.com.br\/blog\/wp-json\/wp\/v2\/pages\/6653","targetHints":{"allow":["GET"]}}],"collection":[{"href":"https:\/\/iclinic.com.br\/blog\/wp-json\/wp\/v2\/pages"}],"about":[{"href":"https:\/\/iclinic.com.br\/blog\/wp-json\/wp\/v2\/types\/page"}],"author":[{"embeddable":true,"href":"https:\/\/iclinic.com.br\/blog\/wp-json\/wp\/v2\/users\/33"}],"replies":[{"embeddable":true,"href":"https:\/\/iclinic.com.br\/blog\/wp-json\/wp\/v2\/comments?post=6653"}],"version-history":[{"count":1,"href":"https:\/\/iclinic.com.br\/blog\/wp-json\/wp\/v2\/pages\/6653\/revisions"}],"predecessor-version":[{"id":30312,"href":"https:\/\/iclinic.com.br\/blog\/wp-json\/wp\/v2\/pages\/6653\/revisions\/30312"}],"wp:attachment":[{"href":"https:\/\/iclinic.com.br\/blog\/wp-json\/wp\/v2\/media?parent=6653"}],"curies":[{"name":"wp","href":"https:\/\/api.w.org\/{rel}","templated":true}]}}