{"id":510,"date":"2012-03-29T17:39:42","date_gmt":"2012-03-29T17:39:42","guid":{"rendered":"https:\/\/blog-staging.iclinic.com.br\/index.php\/quem-somos-2\/"},"modified":"2025-09-13T12:24:47","modified_gmt":"2025-09-13T15:24:47","slug":"quem-somos-2","status":"publish","type":"page","link":"https:\/\/iclinic.com.br\/blog\/quem-somos-2\/","title":{"rendered":"Sobre n\u00f3s: iClinic"},"content":{"rendered":"<div class=\"kg-card-markdown\">\n<blockquote><p>O <a href=\"https:\/\/iclinic.com.br\/\">iClinic<\/a> \u00e9 o primeiro\u00a0<strong>software online para gerenciamento de cl\u00ednicas e consult\u00f3rios<\/strong>\u00a0desenvolvido exclusivamente por uma equipe de profissionais especializados em Inform\u00e1tica Biom\u00e9dica, formados pela <a href=\"https:\/\/www5.usp.br:443\/\" target=\"_blank\" rel=\"noopener\">Universidade de S\u00e3o Paulo.<\/a><\/p><\/blockquote>\n<p>Com o objetivo de organizar as informa\u00e7\u00f5es e facilitar o gerenciamento de cl\u00ednicas e consult\u00f3rios m\u00e9dicos, o iClinic alia os mais recentes conceitos de inform\u00e1tica e gest\u00e3o em sa\u00fade com tecnologia de \u00faltima gera\u00e7\u00e3o, auxiliando todo o processo de ponta a ponta, do cadastro e agendamento do paciente, passando por sua consulta, acompanhamentos e retornos, at\u00e9 o faturamento financeiro da institui\u00e7\u00e3o.<\/p>\n<p>Distribu\u00eddo pelo modelo SaaS (Software as a Service), voc\u00ea acessa o sistema direto do navegador, em qualquer computador com acesso \u00e0 internet, pagando de acordo com o n\u00famero de m\u00e9dicos ativos vinculados \u00e0 sua conta.<\/p>\n<p>Para garantir a seguran\u00e7a e integridade das informa\u00e7\u00f5es, o iClinic foi desenvolvido dentro das especifica\u00e7\u00f5es exigidas para a certifica\u00e7\u00e3o SBIS-CFM e todo o tr\u00e1fego de dados \u00e9 realizado utilizando o certificado SSL 256 bits, que criptografa todos os dados trafegados do sistema. Al\u00e9m disso, backups s\u00e3o realizados regularmente a cada 12 horas.<\/p>\n<p>Nossos servidores hospedados em um dos maiores data centers de cloud computing no pa\u00eds, garantem um sistema de alta disponibilidade acess\u00edvel a qualquer momento.<\/p>\n<p>Um sistema altamente preparado para atender suas necessidades e facilitar seu dia a dia.<\/p>\n<p>Clique e <a href=\"https:\/\/iclinic.com.br\/cadastro\/?utm_source=backlink&amp;utm_medium=blog&amp;utm_campaign=quem-somos\"><strong>teste gratuitamentente o iClinic<\/strong><\/a>.<\/p>\n<div class=\"list-cta\"><a href=\"https:\/\/iclinic.com.br\/cadastro\/?utm_source=cta-artigo&amp;utm_medium=blog&amp;utm_campaign=quem-somos\" target=\"_blank\" rel=\"noopener noreferrer\"><picture><img decoding=\"async\" src=\"data:image\/gif;base64,R0lGODlhAQABAIAAAAAAAP\/\/\/ywAAAAAAQABAAACAUwAOw==\" fifu-lazy=\"1\" fifu-data-sizes=\"auto\" fifu-data-srcset=\"https:\/\/i2.wp.com\/iclinic-mkt.s3.amazonaws.com\/blog\/cta\/trials-experimente-sistema\/desktop.jpg?ssl=1&amp;w=75&amp;resize=75&amp;ssl=1 75w, https:\/\/i2.wp.com\/iclinic-mkt.s3.amazonaws.com\/blog\/cta\/trials-experimente-sistema\/desktop.jpg?ssl=1&amp;w=100&amp;resize=100&amp;ssl=1 100w, https:\/\/i2.wp.com\/iclinic-mkt.s3.amazonaws.com\/blog\/cta\/trials-experimente-sistema\/desktop.jpg?ssl=1&amp;w=150&amp;resize=150&amp;ssl=1 150w, https:\/\/i2.wp.com\/iclinic-mkt.s3.amazonaws.com\/blog\/cta\/trials-experimente-sistema\/desktop.jpg?ssl=1&amp;w=240&amp;resize=240&amp;ssl=1 240w, https:\/\/i2.wp.com\/iclinic-mkt.s3.amazonaws.com\/blog\/cta\/trials-experimente-sistema\/desktop.jpg?ssl=1&amp;w=320&amp;resize=320&amp;ssl=1 320w, https:\/\/i2.wp.com\/iclinic-mkt.s3.amazonaws.com\/blog\/cta\/trials-experimente-sistema\/desktop.jpg?ssl=1&amp;w=500&amp;resize=500&amp;ssl=1 500w, https:\/\/i2.wp.com\/iclinic-mkt.s3.amazonaws.com\/blog\/cta\/trials-experimente-sistema\/desktop.jpg?ssl=1&amp;w=640&amp;resize=640&amp;ssl=1 640w, https:\/\/i2.wp.com\/iclinic-mkt.s3.amazonaws.com\/blog\/cta\/trials-experimente-sistema\/desktop.jpg?ssl=1&amp;w=800&amp;resize=800&amp;ssl=1 800w, https:\/\/i2.wp.com\/iclinic-mkt.s3.amazonaws.com\/blog\/cta\/trials-experimente-sistema\/desktop.jpg?ssl=1&amp;w=1024&amp;resize=1024&amp;ssl=1 1024w, https:\/\/i2.wp.com\/iclinic-mkt.s3.amazonaws.com\/blog\/cta\/trials-experimente-sistema\/desktop.jpg?ssl=1&amp;w=1280&amp;resize=1280&amp;ssl=1 1280w, https:\/\/i2.wp.com\/iclinic-mkt.s3.amazonaws.com\/blog\/cta\/trials-experimente-sistema\/desktop.jpg?ssl=1&amp;w=1600&amp;resize=1600&amp;ssl=1 1600w\" fifu-data-src=\"https:\/\/i2.wp.com\/iclinic-mkt.s3.amazonaws.com\/blog\/cta\/trials-experimente-sistema\/desktop.jpg?ssl=1\" alt=\"Experimente gratuitamente: Comece agora a testar o iClinic gratuitamente. Clique aqui!\" title=\"\"><\/picture><\/a><\/div>\n<\/div>\n","protected":false},"excerpt":{"rendered":"<p>O iClinic \u00e9 o primeiro\u00a0software online para gerenciamento de cl\u00ednicas e consult\u00f3rios\u00a0desenvolvido exclusivamente por uma equipe de profissionais especializados em Inform\u00e1tica Biom\u00e9dica, formados pela Universidade de S\u00e3o Paulo. Com o objetivo de organizar as informa\u00e7\u00f5es e facilitar o gerenciamento de cl\u00ednicas e consult\u00f3rios m\u00e9dicos, o iClinic alia os mais recentes conceitos de inform\u00e1tica e gest\u00e3o [&hellip;]<\/p>\n","protected":false},"author":33,"featured_media":0,"parent":0,"menu_order":0,"comment_status":"closed","ping_status":"closed","template":"","meta":{"footnotes":""},"class_list":["post-510","page","type-page","status-publish","hentry"],"acf":[],"_links":{"self":[{"href":"https:\/\/iclinic.com.br\/blog\/wp-json\/wp\/v2\/pages\/510","targetHints":{"allow":["GET"]}}],"collection":[{"href":"https:\/\/iclinic.com.br\/blog\/wp-json\/wp\/v2\/pages"}],"about":[{"href":"https:\/\/iclinic.com.br\/blog\/wp-json\/wp\/v2\/types\/page"}],"author":[{"embeddable":true,"href":"https:\/\/iclinic.com.br\/blog\/wp-json\/wp\/v2\/users\/33"}],"replies":[{"embeddable":true,"href":"https:\/\/iclinic.com.br\/blog\/wp-json\/wp\/v2\/comments?post=510"}],"version-history":[{"count":2,"href":"https:\/\/iclinic.com.br\/blog\/wp-json\/wp\/v2\/pages\/510\/revisions"}],"predecessor-version":[{"id":31499,"href":"https:\/\/iclinic.com.br\/blog\/wp-json\/wp\/v2\/pages\/510\/revisions\/31499"}],"wp:attachment":[{"href":"https:\/\/iclinic.com.br\/blog\/wp-json\/wp\/v2\/media?parent=510"}],"curies":[{"name":"wp","href":"https:\/\/api.w.org\/{rel}","templated":true}]}}