{"id":27585,"date":"2023-08-16T19:45:51","date_gmt":"2023-08-16T22:45:51","guid":{"rendered":"https:\/\/blog-staging.iclinic.com.br\/?page_id=27585"},"modified":"2025-09-13T12:11:53","modified_gmt":"2025-09-13T15:11:53","slug":"planilha-controle-de-estoque-obrigado","status":"publish","type":"page","link":"https:\/\/iclinic.com.br\/blog\/planilha-controle-de-estoque-obrigado\/","title":{"rendered":"Planilha controle de estoque TYP"},"content":{"rendered":"\t\t<div data-elementor-type=\"wp-page\" data-elementor-id=\"27585\" class=\"elementor elementor-27585\">\n\t\t\t\t\t\t<section class=\"elementor-section elementor-top-section elementor-element elementor-element-01004b3 elementor-section-boxed elementor-section-height-default elementor-section-height-default\" data-id=\"01004b3\" data-element_type=\"section\">\n\t\t\t\t\t\t<div class=\"elementor-container elementor-column-gap-default\">\n\t\t\t\t\t<div class=\"elementor-column elementor-col-100 elementor-top-column elementor-element elementor-element-16e46a1\" data-id=\"16e46a1\" data-element_type=\"column\">\n\t\t\t<div class=\"elementor-widget-wrap elementor-element-populated\">\n\t\t\t\t\t\t<section class=\"elementor-section elementor-inner-section elementor-element elementor-element-0a032aa elementor-section-boxed elementor-section-height-default elementor-section-height-default\" data-id=\"0a032aa\" data-element_type=\"section\">\n\t\t\t\t\t\t<div class=\"elementor-container elementor-column-gap-default\">\n\t\t\t\t\t<div class=\"elementor-column elementor-col-50 elementor-inner-column elementor-element elementor-element-c5974f0\" data-id=\"c5974f0\" data-element_type=\"column\">\n\t\t\t<div class=\"elementor-widget-wrap elementor-element-populated\">\n\t\t\t\t\t\t<div class=\"elementor-element elementor-element-fff541f elementor-widget elementor-widget-heading\" data-id=\"fff541f\" data-element_type=\"widget\" data-widget_type=\"heading.default\">\n\t\t\t\t<div class=\"elementor-widget-container\">\n\t\t\t\t\t<h2 class=\"elementor-heading-title elementor-size-default\">Obrigada por baixar a planilha de Controle de Estoque para cl\u00ednicas e consult\u00f3rios m\u00e9dicos<\/h2>\t\t\t\t<\/div>\n\t\t\t\t<\/div>\n\t\t\t\t<div class=\"elementor-element elementor-element-533bb6c elementor-widget elementor-widget-text-editor\" data-id=\"533bb6c\" data-element_type=\"widget\" data-widget_type=\"text-editor.default\">\n\t\t\t\t<div class=\"elementor-widget-container\">\n\t\t\t\t\t\t\t\t\t<p><strong>Acesse seu e-mail cadastrado para fazer download do material agora mesmo.<\/strong><\/p>\n<p>Para automatizar completamente sua gest\u00e3o financeira, conhe\u00e7a as solu\u00e7\u00f5es do iClinic, como fluxo de caixa, relat\u00f3rios financeiros, agenda m\u00e9dica, prontu\u00e1rio eletr\u00f4nico e muito mais.<\/p>\t\t\t\t\t\t\t\t<\/div>\n\t\t\t\t<\/div>\n\t\t\t\t<div class=\"elementor-element elementor-element-6d2b474 elementor-mobile-align-center elementor-widget elementor-widget-button\" data-id=\"6d2b474\" data-element_type=\"widget\" data-widget_type=\"button.default\">\n\t\t\t\t<div class=\"elementor-widget-container\">\n\t\t\t\t\t\t\t\t\t<div class=\"elementor-button-wrapper\">\n\t\t\t\t\t<a class=\"elementor-button elementor-button-link elementor-size-lg elementor-animation-sink\" href=\"https:\/\/app.iclinic.com.br\/new\/cadastro\/?utm_source=material-rico-typ&#038;utm_medium=cta-botao&#038;utm_campaign=planilha-fluxo-de-caixa-para-clinicas\">\n\t\t\t\t\t\t<span class=\"elementor-button-content-wrapper\">\n\t\t\t\t\t\t<span class=\"elementor-button-icon\">\n\t\t\t\t<i aria-hidden=\"true\" class=\"fas fa-laptop-medical\"><\/i>\t\t\t<\/span>\n\t\t\t\t\t\t\t\t\t<span class=\"elementor-button-text\">Testar o iClinic Gr\u00e1tis\u200b<\/span>\n\t\t\t\t\t<\/span>\n\t\t\t\t\t<\/a>\n\t\t\t\t<\/div>\n\t\t\t\t\t\t\t\t<\/div>\n\t\t\t\t<\/div>\n\t\t\t\t<div class=\"elementor-element elementor-element-cd0e01a elementor-widget elementor-widget-text-editor\" data-id=\"cd0e01a\" data-element_type=\"widget\" data-widget_type=\"text-editor.default\">\n\t\t\t\t<div class=\"elementor-widget-container\">\n\t\t\t\t\t\t\t\t\t<p><strong>N\u00e3o precisa<\/strong> de cart\u00e3o de cr\u00e9dito<\/p>\t\t\t\t\t\t\t\t<\/div>\n\t\t\t\t<\/div>\n\t\t\t\t\t<\/div>\n\t\t<\/div>\n\t\t\t\t<div class=\"elementor-column elementor-col-50 elementor-inner-column elementor-element elementor-element-eef34e6\" data-id=\"eef34e6\" data-element_type=\"column\" id=\"form\" data-settings=\"{&quot;background_background&quot;:&quot;classic&quot;}\">\n\t\t\t<div class=\"elementor-widget-wrap elementor-element-populated\">\n\t\t\t\t\t\t<div class=\"elementor-element elementor-element-c577695 elementor-invisible elementor-widget elementor-widget-image\" data-id=\"c577695\" data-element_type=\"widget\" data-settings=\"{&quot;_animation&quot;:&quot;fadeInRight&quot;}\" data-widget_type=\"image.default\">\n\t\t\t\t<div class=\"elementor-widget-container\">\n\t\t\t\t\t\t\t\t\t\t\t\t\t\t\t<img fetchpriority=\"high\" decoding=\"async\" src=\"data:image\/gif;base64,R0lGODlhAQABAIAAAAAAAP\/\/\/ywAAAAAAQABAAACAUwAOw==\" fifu-lazy=\"1\" fifu-data-sizes=\"auto\" fifu-data-srcset=\"https:\/\/i2.wp.com\/iclinic.com.br\/blog\/wp-content\/uploads\/2023\/08\/afya-modelv2.web_.png?ssl=1&amp;w=75&amp;resize=75&amp;ssl=1 75w, https:\/\/i2.wp.com\/iclinic.com.br\/blog\/wp-content\/uploads\/2023\/08\/afya-modelv2.web_.png?ssl=1&amp;w=100&amp;resize=100&amp;ssl=1 100w, https:\/\/i2.wp.com\/iclinic.com.br\/blog\/wp-content\/uploads\/2023\/08\/afya-modelv2.web_.png?ssl=1&amp;w=150&amp;resize=150&amp;ssl=1 150w, https:\/\/i2.wp.com\/iclinic.com.br\/blog\/wp-content\/uploads\/2023\/08\/afya-modelv2.web_.png?ssl=1&amp;w=240&amp;resize=240&amp;ssl=1 240w, https:\/\/i2.wp.com\/iclinic.com.br\/blog\/wp-content\/uploads\/2023\/08\/afya-modelv2.web_.png?ssl=1&amp;w=320&amp;resize=320&amp;ssl=1 320w, https:\/\/i2.wp.com\/iclinic.com.br\/blog\/wp-content\/uploads\/2023\/08\/afya-modelv2.web_.png?ssl=1&amp;w=500&amp;resize=500&amp;ssl=1 500w, https:\/\/i2.wp.com\/iclinic.com.br\/blog\/wp-content\/uploads\/2023\/08\/afya-modelv2.web_.png?ssl=1&amp;w=640&amp;resize=640&amp;ssl=1 640w, https:\/\/i2.wp.com\/iclinic.com.br\/blog\/wp-content\/uploads\/2023\/08\/afya-modelv2.web_.png?ssl=1&amp;w=800&amp;resize=800&amp;ssl=1 800w, https:\/\/i2.wp.com\/iclinic.com.br\/blog\/wp-content\/uploads\/2023\/08\/afya-modelv2.web_.png?ssl=1&amp;w=1024&amp;resize=1024&amp;ssl=1 1024w, https:\/\/i2.wp.com\/iclinic.com.br\/blog\/wp-content\/uploads\/2023\/08\/afya-modelv2.web_.png?ssl=1&amp;w=1280&amp;resize=1280&amp;ssl=1 1280w, https:\/\/i2.wp.com\/iclinic.com.br\/blog\/wp-content\/uploads\/2023\/08\/afya-modelv2.web_.png?ssl=1&amp;w=1600&amp;resize=1600&amp;ssl=1 1600w\" width=\"449\" height=\"449\" fifu-data-src=\"https:\/\/i2.wp.com\/iclinic.com.br\/blog\/wp-content\/uploads\/2023\/08\/afya-modelv2.web_.png?ssl=1\" class=\"attachment-full size-full wp-image-27512\" alt=\"\" srcset=\"http:\/\/iclinic.com.br\/blog\/wp-content\/uploads\/2023\/08\/afya-modelv2.web_.png 449w, http:\/\/iclinic.com.br\/blog\/wp-content\/uploads\/2023\/08\/afya-modelv2.web_-300x300.png 300w, http:\/\/iclinic.com.br\/blog\/wp-content\/uploads\/2023\/08\/afya-modelv2.web_-150x150.png 150w, http:\/\/iclinic.com.br\/blog\/wp-content\/uploads\/2023\/08\/afya-modelv2.web_-24x24.png 24w, http:\/\/iclinic.com.br\/blog\/wp-content\/uploads\/2023\/08\/afya-modelv2.web_-48x48.png 48w, http:\/\/iclinic.com.br\/blog\/wp-content\/uploads\/2023\/08\/afya-modelv2.web_-96x96.png 96w\" sizes=\"(max-width: 449px) 100vw, 449px\" title=\"\">\t\t\t\t\t\t\t\t\t\t\t\t\t\t\t<\/div>\n\t\t\t\t<\/div>\n\t\t\t\t\t<\/div>\n\t\t<\/div>\n\t\t\t\t\t<\/div>\n\t\t<\/section>\n\t\t\t\t\t<\/div>\n\t\t<\/div>\n\t\t\t\t\t<\/div>\n\t\t<\/section>\n\t\t\t\t<section class=\"elementor-section elementor-top-section elementor-element elementor-element-dc466a3 elementor-section-boxed elementor-section-height-default elementor-section-height-default\" data-id=\"dc466a3\" data-element_type=\"section\" data-settings=\"{&quot;background_background&quot;:&quot;classic&quot;}\">\n\t\t\t\t\t\t<div class=\"elementor-container elementor-column-gap-default\">\n\t\t\t\t\t<div class=\"elementor-column elementor-col-100 elementor-top-column elementor-element elementor-element-c173bd7\" data-id=\"c173bd7\" data-element_type=\"column\">\n\t\t\t<div class=\"elementor-widget-wrap elementor-element-populated\">\n\t\t\t\t\t\t<section class=\"elementor-section elementor-inner-section elementor-element elementor-element-5fba30e elementor-section-boxed elementor-section-height-default elementor-section-height-default\" data-id=\"5fba30e\" data-element_type=\"section\">\n\t\t\t\t\t\t<div class=\"elementor-container elementor-column-gap-default\">\n\t\t\t\t\t<div class=\"elementor-column elementor-col-50 elementor-inner-column elementor-element elementor-element-0a70477\" data-id=\"0a70477\" data-element_type=\"column\">\n\t\t\t<div class=\"elementor-widget-wrap elementor-element-populated\">\n\t\t\t\t\t\t<div class=\"elementor-element elementor-element-0ea6f41 elementor-widget elementor-widget-image\" data-id=\"0ea6f41\" data-element_type=\"widget\" data-widget_type=\"image.default\">\n\t\t\t\t<div class=\"elementor-widget-container\">\n\t\t\t\t\t\t\t\t\t\t\t\t\t\t\t<img decoding=\"async\" src=\"data:image\/gif;base64,R0lGODlhAQABAIAAAAAAAP\/\/\/ywAAAAAAQABAAACAUwAOw==\" fifu-lazy=\"1\" fifu-data-sizes=\"auto\" fifu-data-srcset=\"https:\/\/i0.wp.com\/iclinic.com.br\/blog\/wp-content\/uploads\/2023\/08\/portrait-confident-male-doctor-dressed-uniformweb.png?ssl=1&amp;w=75&amp;resize=75&amp;ssl=1 75w, https:\/\/i0.wp.com\/iclinic.com.br\/blog\/wp-content\/uploads\/2023\/08\/portrait-confident-male-doctor-dressed-uniformweb.png?ssl=1&amp;w=100&amp;resize=100&amp;ssl=1 100w, https:\/\/i0.wp.com\/iclinic.com.br\/blog\/wp-content\/uploads\/2023\/08\/portrait-confident-male-doctor-dressed-uniformweb.png?ssl=1&amp;w=150&amp;resize=150&amp;ssl=1 150w, https:\/\/i0.wp.com\/iclinic.com.br\/blog\/wp-content\/uploads\/2023\/08\/portrait-confident-male-doctor-dressed-uniformweb.png?ssl=1&amp;w=240&amp;resize=240&amp;ssl=1 240w, https:\/\/i0.wp.com\/iclinic.com.br\/blog\/wp-content\/uploads\/2023\/08\/portrait-confident-male-doctor-dressed-uniformweb.png?ssl=1&amp;w=320&amp;resize=320&amp;ssl=1 320w, https:\/\/i0.wp.com\/iclinic.com.br\/blog\/wp-content\/uploads\/2023\/08\/portrait-confident-male-doctor-dressed-uniformweb.png?ssl=1&amp;w=500&amp;resize=500&amp;ssl=1 500w, https:\/\/i0.wp.com\/iclinic.com.br\/blog\/wp-content\/uploads\/2023\/08\/portrait-confident-male-doctor-dressed-uniformweb.png?ssl=1&amp;w=640&amp;resize=640&amp;ssl=1 640w, https:\/\/i0.wp.com\/iclinic.com.br\/blog\/wp-content\/uploads\/2023\/08\/portrait-confident-male-doctor-dressed-uniformweb.png?ssl=1&amp;w=800&amp;resize=800&amp;ssl=1 800w, https:\/\/i0.wp.com\/iclinic.com.br\/blog\/wp-content\/uploads\/2023\/08\/portrait-confident-male-doctor-dressed-uniformweb.png?ssl=1&amp;w=1024&amp;resize=1024&amp;ssl=1 1024w, https:\/\/i0.wp.com\/iclinic.com.br\/blog\/wp-content\/uploads\/2023\/08\/portrait-confident-male-doctor-dressed-uniformweb.png?ssl=1&amp;w=1280&amp;resize=1280&amp;ssl=1 1280w, https:\/\/i0.wp.com\/iclinic.com.br\/blog\/wp-content\/uploads\/2023\/08\/portrait-confident-male-doctor-dressed-uniformweb.png?ssl=1&amp;w=1600&amp;resize=1600&amp;ssl=1 1600w\" width=\"500\" height=\"694\" fifu-data-src=\"https:\/\/i0.wp.com\/iclinic.com.br\/blog\/wp-content\/uploads\/2023\/08\/portrait-confident-male-doctor-dressed-uniformweb.png?ssl=1\" class=\"attachment-large size-large wp-image-27514\" alt=\"\" srcset=\"http:\/\/iclinic.com.br\/blog\/wp-content\/uploads\/2023\/08\/portrait-confident-male-doctor-dressed-uniformweb.png 500w, http:\/\/iclinic.com.br\/blog\/wp-content\/uploads\/2023\/08\/portrait-confident-male-doctor-dressed-uniformweb-216x300.png 216w, http:\/\/iclinic.com.br\/blog\/wp-content\/uploads\/2023\/08\/portrait-confident-male-doctor-dressed-uniformweb-150x208.png 150w\" sizes=\"(max-width: 500px) 100vw, 500px\" title=\"\">\t\t\t\t\t\t\t\t\t\t\t\t\t\t\t<\/div>\n\t\t\t\t<\/div>\n\t\t\t\t\t<\/div>\n\t\t<\/div>\n\t\t\t\t<div class=\"elementor-column elementor-col-50 elementor-inner-column elementor-element elementor-element-842bbd0\" data-id=\"842bbd0\" data-element_type=\"column\">\n\t\t\t<div class=\"elementor-widget-wrap elementor-element-populated\">\n\t\t\t\t\t\t<div class=\"elementor-element elementor-element-a0467ce elementor-widget elementor-widget-heading\" data-id=\"a0467ce\" data-element_type=\"widget\" data-widget_type=\"heading.default\">\n\t\t\t\t<div class=\"elementor-widget-container\">\n\t\t\t\t\t<h1 class=\"elementor-heading-title elementor-size-default\">Sobre o iClinic<\/h1>\t\t\t\t<\/div>\n\t\t\t\t<\/div>\n\t\t\t\t<div class=\"elementor-element elementor-element-07aeac9 elementor-widget elementor-widget-text-editor\" data-id=\"07aeac9\" data-element_type=\"widget\" data-widget_type=\"text-editor.default\">\n\t\t\t\t<div class=\"elementor-widget-container\">\n\t\t\t\t\t\t\t\t\t<p>O iClinic \u00e9 l\u00edder no segmento de software m\u00e9dico em nuvem, focado em oferecer solu\u00e7\u00f5es inovadoras para m\u00e9dicos. \u00c9 uma das empresas da Afya, maior grupo de educa\u00e7\u00e3o m\u00e9dica do pa\u00eds.<\/p>\t\t\t\t\t\t\t\t<\/div>\n\t\t\t\t<\/div>\n\t\t\t\t<div class=\"elementor-element elementor-element-e682351 elementor-align-left elementor-invisible elementor-widget elementor-widget-button\" data-id=\"e682351\" data-element_type=\"widget\" data-settings=\"{&quot;_animation&quot;:&quot;fadeIn&quot;}\" data-widget_type=\"button.default\">\n\t\t\t\t<div class=\"elementor-widget-container\">\n\t\t\t\t\t\t\t\t\t<div class=\"elementor-button-wrapper\">\n\t\t\t\t\t<a class=\"elementor-button elementor-button-link elementor-size-lg elementor-animation-sink\" href=\"http:\/\/iclinic.com.br\">\n\t\t\t\t\t\t<span class=\"elementor-button-content-wrapper\">\n\t\t\t\t\t\t<span class=\"elementor-button-icon\">\n\t\t\t\t<i aria-hidden=\"true\" class=\"fas fa-plus\"><\/i>\t\t\t<\/span>\n\t\t\t\t\t\t\t\t\t<span class=\"elementor-button-text\">Saiba mais<\/span>\n\t\t\t\t\t<\/span>\n\t\t\t\t\t<\/a>\n\t\t\t\t<\/div>\n\t\t\t\t\t\t\t\t<\/div>\n\t\t\t\t<\/div>\n\t\t\t\t<div class=\"elementor-element elementor-element-b88515f elementor-widget elementor-widget-spacer\" data-id=\"b88515f\" data-element_type=\"widget\" data-widget_type=\"spacer.default\">\n\t\t\t\t<div class=\"elementor-widget-container\">\n\t\t\t\t\t\t\t<div class=\"elementor-spacer\">\n\t\t\t<div class=\"elementor-spacer-inner\"><\/div>\n\t\t<\/div>\n\t\t\t\t\t\t<\/div>\n\t\t\t\t<\/div>\n\t\t\t\t<div class=\"elementor-element elementor-element-88f263e elementor-widget elementor-widget-heading\" data-id=\"88f263e\" data-element_type=\"widget\" data-widget_type=\"heading.default\">\n\t\t\t\t<div class=\"elementor-widget-container\">\n\t\t\t\t\t<h4 class=\"elementor-heading-title elementor-size-default\">O que falam sobre o iClinic?<\/h4>\t\t\t\t<\/div>\n\t\t\t\t<\/div>\n\t\t\t\t<div class=\"elementor-element elementor-element-b8949e8 elementor-arrows-yes elementor-pagination-type-bullets elementor-review--has-separator elementor--star-style-star_fontawesome elementor-widget elementor-widget-reviews\" data-id=\"b8949e8\" data-element_type=\"widget\" data-settings=\"{&quot;show_arrows&quot;:&quot;yes&quot;,&quot;pagination&quot;:&quot;bullets&quot;,&quot;speed&quot;:500,&quot;autoplay&quot;:&quot;yes&quot;,&quot;autoplay_speed&quot;:5000,&quot;loop&quot;:&quot;yes&quot;,&quot;pause_on_hover&quot;:&quot;yes&quot;,&quot;pause_on_interaction&quot;:&quot;yes&quot;,&quot;space_between&quot;:{&quot;unit&quot;:&quot;px&quot;,&quot;size&quot;:10,&quot;sizes&quot;:[]},&quot;space_between_tablet&quot;:{&quot;unit&quot;:&quot;px&quot;,&quot;size&quot;:10,&quot;sizes&quot;:[]},&quot;space_between_mobile&quot;:{&quot;unit&quot;:&quot;px&quot;,&quot;size&quot;:10,&quot;sizes&quot;:[]}}\" data-widget_type=\"reviews.default\">\n\t\t\t\t<div class=\"elementor-widget-container\">\n\t\t\t\t\t\t\t<div class=\"elementor-swiper\">\n\t\t\t<div class=\"elementor-main-swiper swiper-container\">\n\t\t\t\t<div class=\"swiper-wrapper\">\n\t\t\t\t\t\t\t\t\t\t\t<div class=\"swiper-slide\">\n\t\t\t\t\t\t\t\t\t<div class=\"elementor-testimonial elementor-repeater-item-5786a74\">\n\t\t\t\t\t\t\t<div class=\"elementor-testimonial__header\">\n\t\t\t\t\t\t\t\t\t\t<cite class=\"elementor-testimonial__cite\"><span class=\"elementor-testimonial__name\">Maximiliano Gigena<\/span><\/cite>\t\t\t\t\t<div class=\"elementor-testimonial__icon elementor-icon elementor-icon-\"><span class=\"elementor-screen-only\">Read More<\/span><\/div>\t\t\t\t<\/div>\n\t\t\t\t\t\t\t\t\t\t<div class=\"elementor-testimonial__content\">\n\t\t\t\t\t<div class=\"elementor-testimonial__text\">\n\t\t\t\t\t\t\u201cEu n\u00e3o sabia quanto eu tinha para receber, quais eram os custos da cl\u00ednica, quanto gastava em funcion\u00e1rios, era desorganizado. Decidi deixar tudo centrado no iClinic, o que ajudou muito depois, porque hoje minhas secret\u00e1rias t\u00eam mais controle, conseguimos diminuir o n\u00famero de ferramentas utilizadas. A gest\u00e3o da cl\u00ednica melhorou, facilita muito.\u201d\t\t\t\t\t<\/div>\n\t\t\t\t<\/div>\n\t\t\t\t\t<\/div>\n\t\t\t\t\t\t\t\t<\/div>\n\t\t\t\t\t\t\t\t\t<\/div>\n\t\t\t\t\t\t\t<\/div>\n\t\t<\/div>\n\t\t\t\t\t\t<\/div>\n\t\t\t\t<\/div>\n\t\t\t\t\t<\/div>\n\t\t<\/div>\n\t\t\t\t\t<\/div>\n\t\t<\/section>\n\t\t\t\t\t<\/div>\n\t\t<\/div>\n\t\t\t\t\t<\/div>\n\t\t<\/section>\n\t\t\t\t<\/div>\n\t\t","protected":false},"excerpt":{"rendered":"<p>Obrigada por baixar a planilha de Controle de Estoque para cl\u00ednicas e consult\u00f3rios m\u00e9dicos Acesse seu e-mail cadastrado para fazer download do material agora mesmo. Para automatizar completamente sua gest\u00e3o financeira, conhe\u00e7a as solu\u00e7\u00f5es do iClinic, como fluxo de caixa, relat\u00f3rios financeiros, agenda m\u00e9dica, prontu\u00e1rio eletr\u00f4nico e muito mais. Testar o iClinic Gr\u00e1tis\u200b N\u00e3o precisa [&hellip;]<\/p>\n","protected":false},"author":110,"featured_media":27457,"parent":0,"menu_order":0,"comment_status":"closed","ping_status":"closed","template":"","meta":{"footnotes":""},"class_list":["post-27585","page","type-page","status-publish","has-post-thumbnail","hentry"],"acf":[],"_links":{"self":[{"href":"https:\/\/iclinic.com.br\/blog\/wp-json\/wp\/v2\/pages\/27585","targetHints":{"allow":["GET"]}}],"collection":[{"href":"https:\/\/iclinic.com.br\/blog\/wp-json\/wp\/v2\/pages"}],"about":[{"href":"https:\/\/iclinic.com.br\/blog\/wp-json\/wp\/v2\/types\/page"}],"author":[{"embeddable":true,"href":"https:\/\/iclinic.com.br\/blog\/wp-json\/wp\/v2\/users\/110"}],"replies":[{"embeddable":true,"href":"https:\/\/iclinic.com.br\/blog\/wp-json\/wp\/v2\/comments?post=27585"}],"version-history":[{"count":5,"href":"https:\/\/iclinic.com.br\/blog\/wp-json\/wp\/v2\/pages\/27585\/revisions"}],"predecessor-version":[{"id":29828,"href":"https:\/\/iclinic.com.br\/blog\/wp-json\/wp\/v2\/pages\/27585\/revisions\/29828"}],"wp:featuredmedia":[{"embeddable":true,"href":"https:\/\/iclinic.com.br\/blog\/wp-json\/wp\/v2\/media\/27457"}],"wp:attachment":[{"href":"https:\/\/iclinic.com.br\/blog\/wp-json\/wp\/v2\/media?parent=27585"}],"curies":[{"name":"wp","href":"https:\/\/api.w.org\/{rel}","templated":true}]}}