{"id":11420,"date":"2021-07-19T19:52:32","date_gmt":"2021-07-19T19:52:32","guid":{"rendered":"https:\/\/blog-staging.iclinic.com.br\/?page_id=11420"},"modified":"2025-09-13T12:24:27","modified_gmt":"2025-09-13T15:24:27","slug":"aula-gratuita-francinaldo-gomes","status":"publish","type":"page","link":"https:\/\/iclinic.com.br\/blog\/aula-gratuita-francinaldo-gomes\/","title":{"rendered":"[Aula Gratuita] Dr. Francinaldo Gomes"},"content":{"rendered":"<div class=\"embed-container\"><iframe src=\"https:\/\/www.youtube.com\/embed\/r9tsD9hvNVU\" width=\"560\" height=\"315\" frameborder=\"0\" allowfullscreen=\"allowfullscreen\"><\/iframe><\/div>\n<p>A iClinic apresenta uma aula gratuita sobre finan\u00e7as pessoais para m\u00e9dicos. Conhe\u00e7a mais sobre o nosso especialista convidado:<\/p>\n<h2>Dr. Francinaldo Gomes<\/h2>\n<p>Neurocirurgi\u00e3o especialista e educador financeiro, o Dr. Francinaldo Gomes \u00e9 autor dos livros &#8220;<b>Bolsa de Valores para M\u00e9dicos<\/b>&#8220;, &#8220;<b>Finan\u00e7as no Consult\u00f3rio<\/b>&#8220;, &#8220;<b>Enriqueceer Faz Bem \u00e0 Sa\u00fade<\/b>&#8221; e &#8220;<b>Imunidade \u00e0 Crises<\/b>&#8220;. Como mentor financeiro, a miss\u00e3o do Dr. Francinaldo \u00e9 ajudar os m\u00e9dicos a alcan\u00e7arem independ\u00eancia financeira e conquistarem uma melhor qualidade de vida.<br \/>\n&nbsp;<\/p>\n<div class=\"hide-mobile\"><iframe src=\"https:\/\/www.youtube.com\/live_chat?v=r9tsD9hvNVU&amp;embed_domain=lab.digitalestrategia.com\" width=\"480\" height=\"370\" frameborder=\"0\" allowfullscreen=\"allowfullscreen\"><\/iframe><\/div>\n<div class=\"hide-desktop\"><a href=\"https:\/\/www.youtube.com\/watch?v=r9tsD9hvNVU\" target=\"_blank\" class=\"x-btn button\" style=\"font-size: 14px; text-shadow: none; padding: 9px 24px; font-weight: 700; max-height: 50px; outline: none;\" rel=\"noopener noreferrer\">Participe da discuss\u00e3o<\/a><\/div>\n<div class=\"share-box\">\n<p>Compartilhe com seus amigos:<\/p>\n<div class=\"social-box\"><a href=\"https:\/\/api.whatsapp.com\/send?text=Vi%20esse%20aula%20da%20iClinic%20sobre%20finan%C3%A7as%20pessoais%20para%20m%C3%A9dicos%20e%20acho%20que%20voc%C3%AA%20vai%20se%20interessar%3A%20https%3A%2F%2Fbit.ly%2F3kzjxYZ\" target=\"_blank\" rel=\"noopener noreferrer\"><img decoding=\"async\" src=\"data:image\/gif;base64,R0lGODlhAQABAIAAAAAAAP\/\/\/ywAAAAAAQABAAACAUwAOw==\" fifu-lazy=\"1\" fifu-data-sizes=\"auto\" fifu-data-srcset=\"https:\/\/i2.wp.com\/iclinic-mkt.s3.amazonaws.com\/landing-pages\/webinar-share-icons\/share-whatsapp.png?ssl=1&amp;w=75&amp;resize=75&amp;ssl=1 75w, https:\/\/i2.wp.com\/iclinic-mkt.s3.amazonaws.com\/landing-pages\/webinar-share-icons\/share-whatsapp.png?ssl=1&amp;w=100&amp;resize=100&amp;ssl=1 100w, https:\/\/i2.wp.com\/iclinic-mkt.s3.amazonaws.com\/landing-pages\/webinar-share-icons\/share-whatsapp.png?ssl=1&amp;w=150&amp;resize=150&amp;ssl=1 150w, https:\/\/i2.wp.com\/iclinic-mkt.s3.amazonaws.com\/landing-pages\/webinar-share-icons\/share-whatsapp.png?ssl=1&amp;w=240&amp;resize=240&amp;ssl=1 240w, https:\/\/i2.wp.com\/iclinic-mkt.s3.amazonaws.com\/landing-pages\/webinar-share-icons\/share-whatsapp.png?ssl=1&amp;w=320&amp;resize=320&amp;ssl=1 320w, https:\/\/i2.wp.com\/iclinic-mkt.s3.amazonaws.com\/landing-pages\/webinar-share-icons\/share-whatsapp.png?ssl=1&amp;w=500&amp;resize=500&amp;ssl=1 500w, https:\/\/i2.wp.com\/iclinic-mkt.s3.amazonaws.com\/landing-pages\/webinar-share-icons\/share-whatsapp.png?ssl=1&amp;w=640&amp;resize=640&amp;ssl=1 640w, https:\/\/i2.wp.com\/iclinic-mkt.s3.amazonaws.com\/landing-pages\/webinar-share-icons\/share-whatsapp.png?ssl=1&amp;w=800&amp;resize=800&amp;ssl=1 800w, https:\/\/i2.wp.com\/iclinic-mkt.s3.amazonaws.com\/landing-pages\/webinar-share-icons\/share-whatsapp.png?ssl=1&amp;w=1024&amp;resize=1024&amp;ssl=1 1024w, https:\/\/i2.wp.com\/iclinic-mkt.s3.amazonaws.com\/landing-pages\/webinar-share-icons\/share-whatsapp.png?ssl=1&amp;w=1280&amp;resize=1280&amp;ssl=1 1280w, https:\/\/i2.wp.com\/iclinic-mkt.s3.amazonaws.com\/landing-pages\/webinar-share-icons\/share-whatsapp.png?ssl=1&amp;w=1600&amp;resize=1600&amp;ssl=1 1600w\" fifu-data-src=\"https:\/\/i2.wp.com\/iclinic-mkt.s3.amazonaws.com\/landing-pages\/webinar-share-icons\/share-whatsapp.png?ssl=1\" alt=\"\" title=\"\"><\/a><br \/>\n<a href=\"https:\/\/www.facebook.com\/login\/?next=https%3A%2F%2Fwww.facebook.com%2Fshare_channel%2F%3Ftype%3Dreshare%26link%3Dhttps%253A%252F%252Fbit.ly%252F3Bi9u0l%26app_id%3D966242223397117%26source_surface%3Dexternal_reshare%26display%26hashtag\" target=\"_blank\" rel=\"noopener noreferrer\"><img decoding=\"async\" src=\"data:image\/gif;base64,R0lGODlhAQABAIAAAAAAAP\/\/\/ywAAAAAAQABAAACAUwAOw==\" fifu-lazy=\"1\" fifu-data-sizes=\"auto\" fifu-data-srcset=\"https:\/\/i2.wp.com\/iclinic-mkt.s3.amazonaws.com\/landing-pages\/webinar-share-icons\/share-facebook.png?ssl=1&amp;w=75&amp;resize=75&amp;ssl=1 75w, https:\/\/i2.wp.com\/iclinic-mkt.s3.amazonaws.com\/landing-pages\/webinar-share-icons\/share-facebook.png?ssl=1&amp;w=100&amp;resize=100&amp;ssl=1 100w, https:\/\/i2.wp.com\/iclinic-mkt.s3.amazonaws.com\/landing-pages\/webinar-share-icons\/share-facebook.png?ssl=1&amp;w=150&amp;resize=150&amp;ssl=1 150w, https:\/\/i2.wp.com\/iclinic-mkt.s3.amazonaws.com\/landing-pages\/webinar-share-icons\/share-facebook.png?ssl=1&amp;w=240&amp;resize=240&amp;ssl=1 240w, https:\/\/i2.wp.com\/iclinic-mkt.s3.amazonaws.com\/landing-pages\/webinar-share-icons\/share-facebook.png?ssl=1&amp;w=320&amp;resize=320&amp;ssl=1 320w, https:\/\/i2.wp.com\/iclinic-mkt.s3.amazonaws.com\/landing-pages\/webinar-share-icons\/share-facebook.png?ssl=1&amp;w=500&amp;resize=500&amp;ssl=1 500w, https:\/\/i2.wp.com\/iclinic-mkt.s3.amazonaws.com\/landing-pages\/webinar-share-icons\/share-facebook.png?ssl=1&amp;w=640&amp;resize=640&amp;ssl=1 640w, https:\/\/i2.wp.com\/iclinic-mkt.s3.amazonaws.com\/landing-pages\/webinar-share-icons\/share-facebook.png?ssl=1&amp;w=800&amp;resize=800&amp;ssl=1 800w, https:\/\/i2.wp.com\/iclinic-mkt.s3.amazonaws.com\/landing-pages\/webinar-share-icons\/share-facebook.png?ssl=1&amp;w=1024&amp;resize=1024&amp;ssl=1 1024w, https:\/\/i2.wp.com\/iclinic-mkt.s3.amazonaws.com\/landing-pages\/webinar-share-icons\/share-facebook.png?ssl=1&amp;w=1280&amp;resize=1280&amp;ssl=1 1280w, https:\/\/i2.wp.com\/iclinic-mkt.s3.amazonaws.com\/landing-pages\/webinar-share-icons\/share-facebook.png?ssl=1&amp;w=1600&amp;resize=1600&amp;ssl=1 1600w\" fifu-data-src=\"https:\/\/i2.wp.com\/iclinic-mkt.s3.amazonaws.com\/landing-pages\/webinar-share-icons\/share-facebook.png?ssl=1\" alt=\"\" title=\"\"><\/a><br \/>\n<a href=\"mailto:?subject=Aula%20sobre%20finan%C3%A7as%20pessoais%20para%20m%C3%A9dicos&amp;body=Vi%20esse%20aula%20da%20iClinic%20sobre%20finan%C3%A7as%20pessoais%20para%20m%C3%A9dicos%20e%20acho%20que%20voc%C3%AA%20vai%20se%20interessar%3A%20https%3A%2F%2Fbit.ly%2F2UsEoCz\" target=\"_blank\" rel=\"noopener noreferrer\"><img decoding=\"async\" src=\"data:image\/gif;base64,R0lGODlhAQABAIAAAAAAAP\/\/\/ywAAAAAAQABAAACAUwAOw==\" fifu-lazy=\"1\" fifu-data-sizes=\"auto\" fifu-data-srcset=\"https:\/\/i2.wp.com\/iclinic-mkt.s3.amazonaws.com\/landing-pages\/webinar-share-icons\/share-email.png?ssl=1&amp;w=75&amp;resize=75&amp;ssl=1 75w, https:\/\/i2.wp.com\/iclinic-mkt.s3.amazonaws.com\/landing-pages\/webinar-share-icons\/share-email.png?ssl=1&amp;w=100&amp;resize=100&amp;ssl=1 100w, https:\/\/i2.wp.com\/iclinic-mkt.s3.amazonaws.com\/landing-pages\/webinar-share-icons\/share-email.png?ssl=1&amp;w=150&amp;resize=150&amp;ssl=1 150w, https:\/\/i2.wp.com\/iclinic-mkt.s3.amazonaws.com\/landing-pages\/webinar-share-icons\/share-email.png?ssl=1&amp;w=240&amp;resize=240&amp;ssl=1 240w, https:\/\/i2.wp.com\/iclinic-mkt.s3.amazonaws.com\/landing-pages\/webinar-share-icons\/share-email.png?ssl=1&amp;w=320&amp;resize=320&amp;ssl=1 320w, https:\/\/i2.wp.com\/iclinic-mkt.s3.amazonaws.com\/landing-pages\/webinar-share-icons\/share-email.png?ssl=1&amp;w=500&amp;resize=500&amp;ssl=1 500w, https:\/\/i2.wp.com\/iclinic-mkt.s3.amazonaws.com\/landing-pages\/webinar-share-icons\/share-email.png?ssl=1&amp;w=640&amp;resize=640&amp;ssl=1 640w, https:\/\/i2.wp.com\/iclinic-mkt.s3.amazonaws.com\/landing-pages\/webinar-share-icons\/share-email.png?ssl=1&amp;w=800&amp;resize=800&amp;ssl=1 800w, https:\/\/i2.wp.com\/iclinic-mkt.s3.amazonaws.com\/landing-pages\/webinar-share-icons\/share-email.png?ssl=1&amp;w=1024&amp;resize=1024&amp;ssl=1 1024w, https:\/\/i2.wp.com\/iclinic-mkt.s3.amazonaws.com\/landing-pages\/webinar-share-icons\/share-email.png?ssl=1&amp;w=1280&amp;resize=1280&amp;ssl=1 1280w, https:\/\/i2.wp.com\/iclinic-mkt.s3.amazonaws.com\/landing-pages\/webinar-share-icons\/share-email.png?ssl=1&amp;w=1600&amp;resize=1600&amp;ssl=1 1600w\" fifu-data-src=\"https:\/\/i2.wp.com\/iclinic-mkt.s3.amazonaws.com\/landing-pages\/webinar-share-icons\/share-email.png?ssl=1\" alt=\"\" title=\"\"><\/a><\/div>\n<\/div>\n<style>\n@media (min-width: 960px){  .hide-desktop{  display: none !important; }  .hide-mobile{   display: block !important;  }}.hide-desktop{ display: block; text-align: center; margin-top: 40px;}.hide-mobile{ display: none;}.share-box{  text-align: center;  margin-top: 40px;}.share-box p{  font-size: 14px;  color: #999999;  margin-bottom: 5px;}.social-box{  display: flex;  align-items: center;  justify-content: center;}.social-box img{  width: 40px;  height: 40px;  margin: 10px;}<\/style>\n","protected":false},"excerpt":{"rendered":"<p>A iClinic apresenta uma aula gratuita sobre finan\u00e7as pessoais para m\u00e9dicos. Conhe\u00e7a mais sobre o nosso especialista convidado: Dr. Francinaldo Gomes Neurocirurgi\u00e3o especialista e educador financeiro, o Dr. Francinaldo Gomes \u00e9 autor dos livros &#8220;Bolsa de Valores para M\u00e9dicos&#8220;, &#8220;Finan\u00e7as no Consult\u00f3rio&#8220;, &#8220;Enriqueceer Faz Bem \u00e0 Sa\u00fade&#8221; e &#8220;Imunidade \u00e0 Crises&#8220;. Como mentor financeiro, a [&hellip;]<\/p>\n","protected":false},"author":23,"featured_media":0,"parent":0,"menu_order":0,"comment_status":"closed","ping_status":"closed","template":"","meta":{"footnotes":""},"class_list":["post-11420","page","type-page","status-publish","hentry"],"acf":[],"_links":{"self":[{"href":"https:\/\/iclinic.com.br\/blog\/wp-json\/wp\/v2\/pages\/11420","targetHints":{"allow":["GET"]}}],"collection":[{"href":"https:\/\/iclinic.com.br\/blog\/wp-json\/wp\/v2\/pages"}],"about":[{"href":"https:\/\/iclinic.com.br\/blog\/wp-json\/wp\/v2\/types\/page"}],"author":[{"embeddable":true,"href":"https:\/\/iclinic.com.br\/blog\/wp-json\/wp\/v2\/users\/23"}],"replies":[{"embeddable":true,"href":"https:\/\/iclinic.com.br\/blog\/wp-json\/wp\/v2\/comments?post=11420"}],"version-history":[{"count":1,"href":"https:\/\/iclinic.com.br\/blog\/wp-json\/wp\/v2\/pages\/11420\/revisions"}],"predecessor-version":[{"id":31438,"href":"https:\/\/iclinic.com.br\/blog\/wp-json\/wp\/v2\/pages\/11420\/revisions\/31438"}],"wp:attachment":[{"href":"https:\/\/iclinic.com.br\/blog\/wp-json\/wp\/v2\/media?parent=11420"}],"curies":[{"name":"wp","href":"https:\/\/api.w.org\/{rel}","templated":true}]}}