{"id":10349,"date":"2021-03-22T18:43:39","date_gmt":"2021-03-22T18:43:39","guid":{"rendered":"https:\/\/blog-staging.iclinic.com.br\/?page_id=10349"},"modified":"2025-09-13T12:07:07","modified_gmt":"2025-09-13T15:07:07","slug":"live-atualizacao-medica-pebmed","status":"publish","type":"page","link":"https:\/\/iclinic.com.br\/blog\/live-atualizacao-medica-pebmed\/","title":{"rendered":"[Live] A import\u00e2ncia da atualiza\u00e7\u00e3o m\u00e9dica no mercado da sa\u00fade"},"content":{"rendered":"<p>Com as mudan\u00e7as de cen\u00e1rio e avan\u00e7o da tecnologia, manter-se atualizado no mercado \u00e9 um fator decisivo de destaque para os profissionais de sa\u00fade. Nesta live, abordaremos a import\u00e2ncia da atualiza\u00e7\u00e3o m\u00e9dica e como os m\u00e9dicos podem realizar isso.<\/p>\n<p>A <b><a href=\"https:\/\/iclinic.com.br\/\">iClinic<\/a><\/b>, em parceria com a <b><a href=\"https:\/\/portal.afya.com.br\/\" target=\"_blank\" rel=\"noopener\">Pebmed<\/a><\/b>, apresenta uma Live gratuita sobre os avan\u00e7os da tecnologia, a import\u00e2ncia e como se manter atualizado no mercado.<\/p>\n<h2>Bruno Lagoeiro<\/h2>\n<p>Cofundador e CEO da PEBMED, empresa focada no desenvolvimento de solu\u00e7\u00f5es de suporte \u00e0 tomada de decis\u00e3o cl\u00ednica. Doutor graduado pela Universidade Federal Fluminense, com resid\u00eancia em Cl\u00ednica M\u00e9dica, experi\u00eancia como Research Observer no Texas Heart Institute, e diversas participa\u00e7\u00f5es em trabalhos acad\u00eamicos.<\/p>\n<p>&nbsp;<\/p>\n<div class=\"embed-container\"><iframe src=\"https:\/\/www.youtube.com\/embed\/Tiay7xRVidw\" width=\"560\" height=\"315\" frameborder=\"0\" allowfullscreen=\"allowfullscreen\"><\/iframe><\/div>\n<div class=\"hide-mobile\"><iframe src=\"https:\/\/www.youtube.com\/live_chat?v=Tiay7xRVidw&amp;embed_domain=lab.digitalestrategia.com\" width=\"480\" height=\"370\" frameborder=\"0\" allowfullscreen=\"allowfullscreen\"><\/iframe><\/div>\n<div class=\"hide-desktop\"><a href=\"https:\/\/www.youtube.com\/watch?v=Tiay7xRVidw\" target=\"_blank\" class=\"x-btn button\" style=\"font-size: 14px; text-shadow: none; padding: 9px 24px; font-weight: 700; max-height: 50px; outline: none;\" rel=\"noopener noreferrer\">Participe da discuss\u00e3o<\/a><\/div>\n<div class=\"share-box\">\n<p>Compartilhe com seus amigos:<\/p>\n<div class=\"social-box\"><a href=\"https:\/\/api.whatsapp.com\/send?text=Vi%20essa%20Live%20da%20iClinic%20sobre%20atualiza%C3%A7%C3%A3o%20m%C3%A9dica%20e%20acho%20que%20voc%C3%AA%20vai%20se%20interessar.%20https%3A%2F%2Fbit.ly%2F3sdEFF9\" target=\"_blank\" rel=\"noopener noreferrer\"><img decoding=\"async\" src=\"data:image\/gif;base64,R0lGODlhAQABAIAAAAAAAP\/\/\/ywAAAAAAQABAAACAUwAOw==\" fifu-lazy=\"1\" fifu-data-sizes=\"auto\" fifu-data-srcset=\"https:\/\/i2.wp.com\/iclinic-mkt.s3.amazonaws.com\/landing-pages\/webinar-share-icons\/share-whatsapp.png?ssl=1&amp;w=75&amp;resize=75&amp;ssl=1 75w, https:\/\/i2.wp.com\/iclinic-mkt.s3.amazonaws.com\/landing-pages\/webinar-share-icons\/share-whatsapp.png?ssl=1&amp;w=100&amp;resize=100&amp;ssl=1 100w, https:\/\/i2.wp.com\/iclinic-mkt.s3.amazonaws.com\/landing-pages\/webinar-share-icons\/share-whatsapp.png?ssl=1&amp;w=150&amp;resize=150&amp;ssl=1 150w, https:\/\/i2.wp.com\/iclinic-mkt.s3.amazonaws.com\/landing-pages\/webinar-share-icons\/share-whatsapp.png?ssl=1&amp;w=240&amp;resize=240&amp;ssl=1 240w, https:\/\/i2.wp.com\/iclinic-mkt.s3.amazonaws.com\/landing-pages\/webinar-share-icons\/share-whatsapp.png?ssl=1&amp;w=320&amp;resize=320&amp;ssl=1 320w, https:\/\/i2.wp.com\/iclinic-mkt.s3.amazonaws.com\/landing-pages\/webinar-share-icons\/share-whatsapp.png?ssl=1&amp;w=500&amp;resize=500&amp;ssl=1 500w, https:\/\/i2.wp.com\/iclinic-mkt.s3.amazonaws.com\/landing-pages\/webinar-share-icons\/share-whatsapp.png?ssl=1&amp;w=640&amp;resize=640&amp;ssl=1 640w, https:\/\/i2.wp.com\/iclinic-mkt.s3.amazonaws.com\/landing-pages\/webinar-share-icons\/share-whatsapp.png?ssl=1&amp;w=800&amp;resize=800&amp;ssl=1 800w, https:\/\/i2.wp.com\/iclinic-mkt.s3.amazonaws.com\/landing-pages\/webinar-share-icons\/share-whatsapp.png?ssl=1&amp;w=1024&amp;resize=1024&amp;ssl=1 1024w, https:\/\/i2.wp.com\/iclinic-mkt.s3.amazonaws.com\/landing-pages\/webinar-share-icons\/share-whatsapp.png?ssl=1&amp;w=1280&amp;resize=1280&amp;ssl=1 1280w, https:\/\/i2.wp.com\/iclinic-mkt.s3.amazonaws.com\/landing-pages\/webinar-share-icons\/share-whatsapp.png?ssl=1&amp;w=1600&amp;resize=1600&amp;ssl=1 1600w\" fifu-data-src=\"https:\/\/i2.wp.com\/iclinic-mkt.s3.amazonaws.com\/landing-pages\/webinar-share-icons\/share-whatsapp.png?ssl=1\" alt=\"\" title=\"\"><\/a><br \/>\n<a href=\"https:\/\/www.facebook.com\/sharer.php?u=https%3A%2F%2Fbit.ly%2F3sdEFF9\" target=\"_blank\" rel=\"noopener noreferrer\"><img decoding=\"async\" src=\"data:image\/gif;base64,R0lGODlhAQABAIAAAAAAAP\/\/\/ywAAAAAAQABAAACAUwAOw==\" fifu-lazy=\"1\" fifu-data-sizes=\"auto\" fifu-data-srcset=\"https:\/\/i2.wp.com\/iclinic-mkt.s3.amazonaws.com\/landing-pages\/webinar-share-icons\/share-facebook.png?ssl=1&amp;w=75&amp;resize=75&amp;ssl=1 75w, https:\/\/i2.wp.com\/iclinic-mkt.s3.amazonaws.com\/landing-pages\/webinar-share-icons\/share-facebook.png?ssl=1&amp;w=100&amp;resize=100&amp;ssl=1 100w, https:\/\/i2.wp.com\/iclinic-mkt.s3.amazonaws.com\/landing-pages\/webinar-share-icons\/share-facebook.png?ssl=1&amp;w=150&amp;resize=150&amp;ssl=1 150w, https:\/\/i2.wp.com\/iclinic-mkt.s3.amazonaws.com\/landing-pages\/webinar-share-icons\/share-facebook.png?ssl=1&amp;w=240&amp;resize=240&amp;ssl=1 240w, https:\/\/i2.wp.com\/iclinic-mkt.s3.amazonaws.com\/landing-pages\/webinar-share-icons\/share-facebook.png?ssl=1&amp;w=320&amp;resize=320&amp;ssl=1 320w, https:\/\/i2.wp.com\/iclinic-mkt.s3.amazonaws.com\/landing-pages\/webinar-share-icons\/share-facebook.png?ssl=1&amp;w=500&amp;resize=500&amp;ssl=1 500w, https:\/\/i2.wp.com\/iclinic-mkt.s3.amazonaws.com\/landing-pages\/webinar-share-icons\/share-facebook.png?ssl=1&amp;w=640&amp;resize=640&amp;ssl=1 640w, https:\/\/i2.wp.com\/iclinic-mkt.s3.amazonaws.com\/landing-pages\/webinar-share-icons\/share-facebook.png?ssl=1&amp;w=800&amp;resize=800&amp;ssl=1 800w, https:\/\/i2.wp.com\/iclinic-mkt.s3.amazonaws.com\/landing-pages\/webinar-share-icons\/share-facebook.png?ssl=1&amp;w=1024&amp;resize=1024&amp;ssl=1 1024w, https:\/\/i2.wp.com\/iclinic-mkt.s3.amazonaws.com\/landing-pages\/webinar-share-icons\/share-facebook.png?ssl=1&amp;w=1280&amp;resize=1280&amp;ssl=1 1280w, https:\/\/i2.wp.com\/iclinic-mkt.s3.amazonaws.com\/landing-pages\/webinar-share-icons\/share-facebook.png?ssl=1&amp;w=1600&amp;resize=1600&amp;ssl=1 1600w\" fifu-data-src=\"https:\/\/i2.wp.com\/iclinic-mkt.s3.amazonaws.com\/landing-pages\/webinar-share-icons\/share-facebook.png?ssl=1\" alt=\"\" title=\"\"><\/a><br \/>\n<a href=\"mailto:?subject=Live%20da%20iClinic%20sobre%20atualiza%C3%A7%C3%A3o%20m%C3%A9dica&amp;body=Vi%20essa%20Live%20da%20iClinic%20sobre%20atualiza%C3%A7%C3%A3o%20m%C3%A9dica%20e%20acho%20que%20voc%C3%AA%20vai%20se%20interessar.%20https%3A%2F%2Fbit.ly%2F3sdEFF9\" target=\"_blank\" rel=\"noopener noreferrer\"><img decoding=\"async\" src=\"data:image\/gif;base64,R0lGODlhAQABAIAAAAAAAP\/\/\/ywAAAAAAQABAAACAUwAOw==\" fifu-lazy=\"1\" fifu-data-sizes=\"auto\" fifu-data-srcset=\"https:\/\/i2.wp.com\/iclinic-mkt.s3.amazonaws.com\/landing-pages\/webinar-share-icons\/share-email.png?ssl=1&amp;w=75&amp;resize=75&amp;ssl=1 75w, https:\/\/i2.wp.com\/iclinic-mkt.s3.amazonaws.com\/landing-pages\/webinar-share-icons\/share-email.png?ssl=1&amp;w=100&amp;resize=100&amp;ssl=1 100w, https:\/\/i2.wp.com\/iclinic-mkt.s3.amazonaws.com\/landing-pages\/webinar-share-icons\/share-email.png?ssl=1&amp;w=150&amp;resize=150&amp;ssl=1 150w, https:\/\/i2.wp.com\/iclinic-mkt.s3.amazonaws.com\/landing-pages\/webinar-share-icons\/share-email.png?ssl=1&amp;w=240&amp;resize=240&amp;ssl=1 240w, https:\/\/i2.wp.com\/iclinic-mkt.s3.amazonaws.com\/landing-pages\/webinar-share-icons\/share-email.png?ssl=1&amp;w=320&amp;resize=320&amp;ssl=1 320w, https:\/\/i2.wp.com\/iclinic-mkt.s3.amazonaws.com\/landing-pages\/webinar-share-icons\/share-email.png?ssl=1&amp;w=500&amp;resize=500&amp;ssl=1 500w, https:\/\/i2.wp.com\/iclinic-mkt.s3.amazonaws.com\/landing-pages\/webinar-share-icons\/share-email.png?ssl=1&amp;w=640&amp;resize=640&amp;ssl=1 640w, https:\/\/i2.wp.com\/iclinic-mkt.s3.amazonaws.com\/landing-pages\/webinar-share-icons\/share-email.png?ssl=1&amp;w=800&amp;resize=800&amp;ssl=1 800w, https:\/\/i2.wp.com\/iclinic-mkt.s3.amazonaws.com\/landing-pages\/webinar-share-icons\/share-email.png?ssl=1&amp;w=1024&amp;resize=1024&amp;ssl=1 1024w, https:\/\/i2.wp.com\/iclinic-mkt.s3.amazonaws.com\/landing-pages\/webinar-share-icons\/share-email.png?ssl=1&amp;w=1280&amp;resize=1280&amp;ssl=1 1280w, https:\/\/i2.wp.com\/iclinic-mkt.s3.amazonaws.com\/landing-pages\/webinar-share-icons\/share-email.png?ssl=1&amp;w=1600&amp;resize=1600&amp;ssl=1 1600w\" fifu-data-src=\"https:\/\/i2.wp.com\/iclinic-mkt.s3.amazonaws.com\/landing-pages\/webinar-share-icons\/share-email.png?ssl=1\" alt=\"\" title=\"\"><\/a><\/div>\n<\/div>\n<style>\n@media (min-width: 960px){  .hide-desktop{  display: none !important; }  .hide-mobile{   display: block !important;  }}.hide-desktop{ display: block; text-align: center; margin-top: 40px;}.hide-mobile{ display: none;}.share-box{  text-align: center;  margin-top: 40px;}.share-box p{  font-size: 14px;  color: #999999;  margin-bottom: 5px;}.social-box{  display: flex;  align-items: center;  justify-content: center;}.social-box img{  width: 40px;  height: 40px;  margin: 10px;}<\/style>\n","protected":false},"excerpt":{"rendered":"<p>Com as mudan\u00e7as de cen\u00e1rio e avan\u00e7o da tecnologia, manter-se atualizado no mercado \u00e9 um fator decisivo de destaque para os profissionais de sa\u00fade. Nesta live, abordaremos a import\u00e2ncia da atualiza\u00e7\u00e3o m\u00e9dica e como os m\u00e9dicos podem realizar isso. A iClinic, em parceria com a Pebmed, apresenta uma Live gratuita sobre os avan\u00e7os da tecnologia, [&hellip;]<\/p>\n","protected":false},"author":23,"featured_media":0,"parent":0,"menu_order":0,"comment_status":"closed","ping_status":"closed","template":"","meta":{"footnotes":""},"class_list":["post-10349","page","type-page","status-publish","hentry"],"acf":[],"_links":{"self":[{"href":"https:\/\/iclinic.com.br\/blog\/wp-json\/wp\/v2\/pages\/10349","targetHints":{"allow":["GET"]}}],"collection":[{"href":"https:\/\/iclinic.com.br\/blog\/wp-json\/wp\/v2\/pages"}],"about":[{"href":"https:\/\/iclinic.com.br\/blog\/wp-json\/wp\/v2\/types\/page"}],"author":[{"embeddable":true,"href":"https:\/\/iclinic.com.br\/blog\/wp-json\/wp\/v2\/users\/23"}],"replies":[{"embeddable":true,"href":"https:\/\/iclinic.com.br\/blog\/wp-json\/wp\/v2\/comments?post=10349"}],"version-history":[{"count":1,"href":"https:\/\/iclinic.com.br\/blog\/wp-json\/wp\/v2\/pages\/10349\/revisions"}],"predecessor-version":[{"id":29522,"href":"https:\/\/iclinic.com.br\/blog\/wp-json\/wp\/v2\/pages\/10349\/revisions\/29522"}],"wp:attachment":[{"href":"https:\/\/iclinic.com.br\/blog\/wp-json\/wp\/v2\/media?parent=10349"}],"curies":[{"name":"wp","href":"https:\/\/api.w.org\/{rel}","templated":true}]}}